{"id":108,"date":"2017-06-20T08:26:19","date_gmt":"2017-06-20T08:26:19","guid":{"rendered":"https:\/\/xml-io.proteusthemes.com\/gympress\/?page_id=108"},"modified":"2022-11-20T04:06:19","modified_gmt":"2022-11-20T04:06:19","slug":"chaveiro-24-horas-em-osasco-barueri","status":"publish","type":"page","link":"https:\/\/www.chaveirocobraosasco.com.br\/1\/servicos\/chaveiro-24-horas-em-osasco-barueri\/","title":{"rendered":"Chaveiro 24 Horas"},"content":{"rendered":"<div id=\"pl-108\"  class=\"panel-layout\" ><div id=\"pg-108-0\"  class=\"panel-grid panel-has-style\" ><div class=\"siteorigin-panels-stretch panel-row-style panel-row-style-for-108-0\" data-stretch-type=\"full\" ><div id=\"pgc-108-0-0\"  class=\"panel-grid-cell\" ><div id=\"panel-108-0-0-0\" class=\"so-panel widget widget_sow-editor panel-first-child panel-last-child\" data-index=\"0\" ><div\n\t\t\t\n\t\t\tclass=\"so-widget-sow-editor so-widget-sow-editor-base\"\n\t\t\t\n\t\t>\n<div class=\"siteorigin-widget-tinymce textwidget\">\n\t<div class=\"wpb_column vc_column_container vc_col-sm-6\">\n<div class=\"vc_column-inner \">\n<div class=\"wpb_wrapper\">\n<div class=\"wpb_text_column wpb_content_element  texto\">\n<div class=\"wpb_wrapper\">\n<p style=\"text-align: justify;\">Precisando de c\u00f3pia de chaves em Osasco e regi\u00e3o? Esse servi\u00e7o \u00e9 o mais procurado e realizado por nossos chaveiros, e perder as chaves \u00e9 um dos principais motivos pelo qual o servi\u00e7o \u00e9 procurado. Se voc\u00ea perdeu a chave em um local ou at\u00e9 mesmo precisa tirar uma c\u00f3pia para ter consigo ou com os seus familiares, o\u00a0<strong>Chaveiro Cobra Osasco<\/strong>\u00a0\u00e9 uma empresa indicada, pois \u00e9 refer\u00eancia em c\u00f3pia de chaves e executa esse servi\u00e7o sempre com rapidez e qualidade.<\/p>\n<p style=\"text-align: justify;\"><strong>Confeccionamos tamb\u00e9m a sua chave a partir do miolo da pr\u00f3pria fechadura.<\/strong><\/p>\n<p style=\"text-align: justify;\">Caso esteja precisando de c\u00f3pia de chave em Osasco e regi\u00e3o, entre em contato conosco e solicite um or\u00e7amento. Trabalhamos com c\u00f3pia de chave yale, tetra e tamb\u00e9m fazemos c\u00f3pia de chaves para carros dos mais variados modelos.<\/p>\n<\/div>\n<\/div>\n<\/div>\n<\/div>\n<\/div>\n<div class=\"wpb_column vc_column_container vc_col-sm-6\">\n<div class=\"vc_column-inner \">\n<div class=\"wpb_wrapper\" style=\"text-align: justify;\"><\/div>\n<\/div>\n<\/div>\n<\/div>\n<\/div><\/div><\/div><div id=\"pgc-108-0-1\"  class=\"panel-grid-cell\" ><div id=\"panel-108-0-1-0\" class=\"so-panel widget widget_sow-editor panel-first-child panel-last-child\" data-index=\"1\" ><div\n\t\t\t\n\t\t\tclass=\"so-widget-sow-editor so-widget-sow-editor-base\"\n\t\t\t\n\t\t>\n<div class=\"siteorigin-widget-tinymce textwidget\">\n\t<p><img loading=\"lazy\" decoding=\"async\" class=\"aligncenter size-full wp-image-1386\" src=\"http:\/\/www.chaveirocobraosasco.com.br\/1\/wp-content\/uploads\/2022\/11\/Instagram-post-revisao-automotiva-ousado-azul-laranja-e-branco.jpg\" alt=\"\" width=\"1080\" height=\"1080\" srcset=\"https:\/\/www.chaveirocobraosasco.com.br\/1\/wp-content\/uploads\/2022\/11\/Instagram-post-revisao-automotiva-ousado-azul-laranja-e-branco.jpg 1080w, https:\/\/www.chaveirocobraosasco.com.br\/1\/wp-content\/uploads\/2022\/11\/Instagram-post-revisao-automotiva-ousado-azul-laranja-e-branco-300x300.jpg 300w, https:\/\/www.chaveirocobraosasco.com.br\/1\/wp-content\/uploads\/2022\/11\/Instagram-post-revisao-automotiva-ousado-azul-laranja-e-branco-1024x1024.jpg 1024w, https:\/\/www.chaveirocobraosasco.com.br\/1\/wp-content\/uploads\/2022\/11\/Instagram-post-revisao-automotiva-ousado-azul-laranja-e-branco-150x150.jpg 150w, https:\/\/www.chaveirocobraosasco.com.br\/1\/wp-content\/uploads\/2022\/11\/Instagram-post-revisao-automotiva-ousado-azul-laranja-e-branco-768x768.jpg 768w\" sizes=\"(max-width: 1080px) 100vw, 1080px\" \/><\/p>\n<\/div>\n<\/div><\/div><\/div><\/div><\/div><div id=\"pg-108-1\"  class=\"panel-grid panel-no-style\" ><div id=\"pgc-108-1-0\"  class=\"panel-grid-cell\" ><div id=\"panel-108-1-0-0\" class=\"so-panel widget widget_sow-editor panel-first-child panel-last-child\" data-index=\"2\" ><div\n\t\t\t\n\t\t\tclass=\"so-widget-sow-editor so-widget-sow-editor-base\"\n\t\t\t\n\t\t>\n<div class=\"siteorigin-widget-tinymce textwidget\">\n\t<h1 style=\"text-align: center\">All you Need to Know<\/h1>\n<\/div>\n<\/div><\/div><\/div><\/div><div id=\"pg-108-2\"  class=\"panel-grid panel-no-style\" ><div id=\"pgc-108-2-0\"  class=\"panel-grid-cell\" ><div id=\"panel-108-2-0-0\" class=\"so-panel widget widget_pw_accordion widget-accordion panel-first-child panel-last-child\" data-index=\"3\" ><div class=\"panel-widget-style panel-widget-style-for-108-2-0-0\" >\t<div class=\"accordion panel-group\" id=\"accordion-widget-2-0-0\" role=\"tablist\" aria-multiselectable=\"true\">\n\t\t\t<div class=\"accordion__panel  panel  panel-default  card\">\n\t\t\t<div class=\"accordion__heading  panel-heading\" role=\"tab\" id=\"heading-widget-2-0-0-1\">\n\t\t\t\t<div class=\"panel-title\">\n\t\t\t\t\t<a class=\"collapsed\" role=\"button\" data-toggle=\"collapse\" data-parent=\"#accordion-widget-2-0-0\" href=\"#collapse-widget-2-0-0-1\" aria-expanded=\"false\" aria-controls=\"collapse-widget-2-0-0-1\">\n\t\t\t\t\t\tWhy is more important to eat well than excercise more?\t\t\t\t\t<\/a>\n\t\t\t\t<\/div>\n\t\t\t<\/div>\n\t\t\t<div id=\"collapse-widget-2-0-0-1\" class=\"accordion__content  panel-collapse  collapse\" role=\"tabpanel\" aria-labelledby=\"heading-widget-2-0-0-1\">\n\t\t\t\t<div class=\"panel-body\">\n\t\t\t\t\tWorld over people use massage therapy to help promote healthy skin, nourish and strengthen the body, relieve stress, reduce pain, and encourage balance and well being. Massage opens and increases the flow of energy, balancing the entire nervous system and helping to release physical and emotional disharmony. The many benefits of massage are enhanced by the use of high quality massage oil.\n\nApricot tree is the member of the rose family originating from Central and East Asia. The fruit, rich in vitamins is used to produce the pleasant smelling Apricot Kernel Oil. Apricot Kernel Oil is very mild natural oil, often used in baby products because of its fine gentle nature.\t\t\t\t<\/div>\n\t\t\t<\/div>\n\t\t<\/div>\n\t\t\t<div class=\"accordion__panel  panel  panel-default  card\">\n\t\t\t<div class=\"accordion__heading  panel-heading\" role=\"tab\" id=\"heading-widget-2-0-0-2\">\n\t\t\t\t<div class=\"panel-title\">\n\t\t\t\t\t<a class=\"collapsed\" role=\"button\" data-toggle=\"collapse\" data-parent=\"#accordion-widget-2-0-0\" href=\"#collapse-widget-2-0-0-2\" aria-expanded=\"false\" aria-controls=\"collapse-widget-2-0-0-2\">\n\t\t\t\t\t\tHow to get bigger calves?\t\t\t\t\t<\/a>\n\t\t\t\t<\/div>\n\t\t\t<\/div>\n\t\t\t<div id=\"collapse-widget-2-0-0-2\" class=\"accordion__content  panel-collapse  collapse\" role=\"tabpanel\" aria-labelledby=\"heading-widget-2-0-0-2\">\n\t\t\t\t<div class=\"panel-body\">\n\t\t\t\t\tWorld over people use massage therapy to help promote healthy skin, nourish and strengthen the body, relieve stress, reduce pain, and encourage balance and well being. Massage opens and increases the flow of energy, balancing the entire nervous system and helping to release physical and emotional disharmony. The many benefits of massage are enhanced by the use of high quality massage oil.\n\nApricot tree is the member of the rose family originating from Central and East Asia. The fruit, rich in vitamins is used to produce the pleasant smelling Apricot Kernel Oil. Apricot Kernel Oil is very mild natural oil, often used in baby products because of its fine gentle nature.\t\t\t\t<\/div>\n\t\t\t<\/div>\n\t\t<\/div>\n\t\t\t<div class=\"accordion__panel  panel  panel-default  card\">\n\t\t\t<div class=\"accordion__heading  panel-heading\" role=\"tab\" id=\"heading-widget-2-0-0-3\">\n\t\t\t\t<div class=\"panel-title\">\n\t\t\t\t\t<a class=\"collapsed\" role=\"button\" data-toggle=\"collapse\" data-parent=\"#accordion-widget-2-0-0\" href=\"#collapse-widget-2-0-0-3\" aria-expanded=\"false\" aria-controls=\"collapse-widget-2-0-0-3\">\n\t\t\t\t\t\tWhy I don't practice Crossfit insted of weight lifting?\t\t\t\t\t<\/a>\n\t\t\t\t<\/div>\n\t\t\t<\/div>\n\t\t\t<div id=\"collapse-widget-2-0-0-3\" class=\"accordion__content  panel-collapse  collapse\" role=\"tabpanel\" aria-labelledby=\"heading-widget-2-0-0-3\">\n\t\t\t\t<div class=\"panel-body\">\n\t\t\t\t\tWorld over people use massage therapy to help promote healthy skin, nourish and strengthen the body, relieve stress, reduce pain, and encourage balance and well being. Massage opens and increases the flow of energy, balancing the entire nervous system and helping to release physical and emotional disharmony. The many benefits of massage are enhanced by the use of high quality massage oil.\n\nApricot tree is the member of the rose family originating from Central and East Asia. The fruit, rich in vitamins is used to produce the pleasant smelling Apricot Kernel Oil. Apricot Kernel Oil is very mild natural oil, often used in baby products because of its fine gentle nature.\t\t\t\t<\/div>\n\t\t\t<\/div>\n\t\t<\/div>\n\t\t\t<\/div>\n\n<\/div><\/div><\/div><div id=\"pgc-108-2-1\"  class=\"panel-grid-cell\" ><div id=\"panel-108-2-1-0\" class=\"so-panel widget widget_pw_accordion widget-accordion panel-first-child panel-last-child\" data-index=\"4\" ><div class=\"panel-widget-style panel-widget-style-for-108-2-1-0\" >\t<div class=\"accordion panel-group\" id=\"accordion-widget-2-1-0\" role=\"tablist\" aria-multiselectable=\"true\">\n\t\t\t<div class=\"accordion__panel  panel  panel-default  card\">\n\t\t\t<div class=\"accordion__heading  panel-heading\" role=\"tab\" id=\"heading-widget-2-1-0-1\">\n\t\t\t\t<div class=\"panel-title\">\n\t\t\t\t\t<a class=\"collapsed\" role=\"button\" data-toggle=\"collapse\" data-parent=\"#accordion-widget-2-1-0\" href=\"#collapse-widget-2-1-0-1\" aria-expanded=\"false\" aria-controls=\"collapse-widget-2-1-0-1\">\n\t\t\t\t\t\tDieting and excercising while pregnant?\t\t\t\t\t<\/a>\n\t\t\t\t<\/div>\n\t\t\t<\/div>\n\t\t\t<div id=\"collapse-widget-2-1-0-1\" class=\"accordion__content  panel-collapse  collapse\" role=\"tabpanel\" aria-labelledby=\"heading-widget-2-1-0-1\">\n\t\t\t\t<div class=\"panel-body\">\n\t\t\t\t\tWorld over people use massage therapy to help promote healthy skin, nourish and strengthen the body, relieve stress, reduce pain, and encourage balance and well being. Massage opens and increases the flow of energy, balancing the entire nervous system and helping to release physical and emotional disharmony. The many benefits of massage are enhanced by the use of high quality massage oil.\n\nApricot tree is the member of the rose family originating from Central and East Asia. The fruit, rich in vitamins is used to produce the pleasant smelling Apricot Kernel Oil. Apricot Kernel Oil is very mild natural oil, often used in baby products because of its fine gentle nature.\t\t\t\t<\/div>\n\t\t\t<\/div>\n\t\t<\/div>\n\t\t\t<div class=\"accordion__panel  panel  panel-default  card\">\n\t\t\t<div class=\"accordion__heading  panel-heading\" role=\"tab\" id=\"heading-widget-2-1-0-2\">\n\t\t\t\t<div class=\"panel-title\">\n\t\t\t\t\t<a class=\"collapsed\" role=\"button\" data-toggle=\"collapse\" data-parent=\"#accordion-widget-2-1-0\" href=\"#collapse-widget-2-1-0-2\" aria-expanded=\"false\" aria-controls=\"collapse-widget-2-1-0-2\">\n\t\t\t\t\t\tWhere to get a personal trainer?\t\t\t\t\t<\/a>\n\t\t\t\t<\/div>\n\t\t\t<\/div>\n\t\t\t<div id=\"collapse-widget-2-1-0-2\" class=\"accordion__content  panel-collapse  collapse\" role=\"tabpanel\" aria-labelledby=\"heading-widget-2-1-0-2\">\n\t\t\t\t<div class=\"panel-body\">\n\t\t\t\t\tWorld over people use massage therapy to help promote healthy skin, nourish and strengthen the body, relieve stress, reduce pain, and encourage balance and well being. Massage opens and increases the flow of energy, balancing the entire nervous system and helping to release physical and emotional disharmony. The many benefits of massage are enhanced by the use of high quality massage oil.\n\nApricot tree is the member of the rose family originating from Central and East Asia. The fruit, rich in vitamins is used to produce the pleasant smelling Apricot Kernel Oil. Apricot Kernel Oil is very mild natural oil, often used in baby products because of its fine gentle nature.\t\t\t\t<\/div>\n\t\t\t<\/div>\n\t\t<\/div>\n\t\t\t<div class=\"accordion__panel  panel  panel-default  card\">\n\t\t\t<div class=\"accordion__heading  panel-heading\" role=\"tab\" id=\"heading-widget-2-1-0-3\">\n\t\t\t\t<div class=\"panel-title\">\n\t\t\t\t\t<a class=\"collapsed\" role=\"button\" data-toggle=\"collapse\" data-parent=\"#accordion-widget-2-1-0\" href=\"#collapse-widget-2-1-0-3\" aria-expanded=\"false\" aria-controls=\"collapse-widget-2-1-0-3\">\n\t\t\t\t\t\tHow to select a perfect gym for myself?\t\t\t\t\t<\/a>\n\t\t\t\t<\/div>\n\t\t\t<\/div>\n\t\t\t<div id=\"collapse-widget-2-1-0-3\" class=\"accordion__content  panel-collapse  collapse\" role=\"tabpanel\" aria-labelledby=\"heading-widget-2-1-0-3\">\n\t\t\t\t<div class=\"panel-body\">\n\t\t\t\t\tWorld over people use massage therapy to help promote healthy skin, nourish and strengthen the body, relieve stress, reduce pain, and encourage balance and well being. Massage opens and increases the flow of energy, balancing the entire nervous system and helping to release physical and emotional disharmony. The many benefits of massage are enhanced by the use of high quality massage oil.\n\nApricot tree is the member of the rose family originating from Central and East Asia. The fruit, rich in vitamins is used to produce the pleasant smelling Apricot Kernel Oil. Apricot Kernel Oil is very mild natural oil, often used in baby products because of its fine gentle nature.\t\t\t\t<\/div>\n\t\t\t<\/div>\n\t\t<\/div>\n\t\t\t<\/div>\n\n<\/div><\/div><\/div><\/div><\/div>","protected":false},"excerpt":{"rendered":"<p>Precisando de c\u00f3pia de chaves em Osasco e regi\u00e3o? Esse servi\u00e7o \u00e9 o mais procurado e realizado por nossos chaveiros, e perder as chaves \u00e9 um dos principais motivos pelo qual o servi\u00e7o \u00e9 procurado. Se voc\u00ea perdeu a chave em um local ou at\u00e9 mesmo precisa tirar uma c\u00f3pia para ter consigo ou com &hellip;<\/p>\n","protected":false},"author":1,"featured_media":1239,"parent":9,"menu_order":0,"comment_status":"closed","ping_status":"closed","template":"","meta":{"_acf_changed":false,"_monsterinsights_skip_tracking":false,"_monsterinsights_sitenote_active":false,"_monsterinsights_sitenote_note":"","_monsterinsights_sitenote_category":0,"footnotes":""},"class_list":{"0":"post-108","1":"page","2":"type-page","3":"status-publish","4":"has-post-thumbnail","6":"clearfix","7":"article"},"acf":[],"yoast_head":"<!-- This site is optimized with the Yoast SEO Premium plugin v18.0 (Yoast SEO v20.13) - https:\/\/yoast.com\/wordpress\/plugins\/seo\/ -->\n<title>Chaveiro 24 Horas - Chaveiro Cobra em Osasco Ligue 11 99571-7875 Atendimento em Osasco e regi&atilde;o 24 Horas<\/title>\n<meta name=\"description\" content=\"Chaveiro 24 Horas Chaveiro Cobra em Osasco Ligue 11 99571-7875 Atendimento em Osasco e regi&atilde;o 24 Horas\" \/>\n<meta name=\"robots\" content=\"index, follow, max-snippet:-1, max-image-preview:large, max-video-preview:-1\" \/>\n<link rel=\"canonical\" href=\"https:\/\/www.chaveirocobraosasco.com.br\/1\/servicos\/chaveiro-24-horas-em-osasco-barueri\/\" \/>\n<meta property=\"og:locale\" content=\"pt_BR\" \/>\n<meta property=\"og:type\" content=\"article\" \/>\n<meta property=\"og:title\" content=\"Chaveiro 24 Horas\" \/>\n<meta property=\"og:description\" content=\"Chaveiro 24 Horas Chaveiro Cobra em Osasco Ligue 11 99571-7875 Atendimento em Osasco e regi&atilde;o 24 Horas\" \/>\n<meta property=\"og:url\" content=\"https:\/\/www.chaveirocobraosasco.com.br\/1\/servicos\/chaveiro-24-horas-em-osasco-barueri\/\" \/>\n<meta property=\"og:site_name\" content=\"Chaveiro Cobra em Osasco Ligue 11 99571-7875 Atendimento em Osasco e regi&atilde;o 24 Horas\" \/>\n<meta property=\"article:modified_time\" content=\"2022-11-20T04:06:19+00:00\" \/>\n<meta property=\"og:image\" content=\"http:\/\/www.chaveirocobraosasco.com.br\/1\/wp-content\/uploads\/2022\/03\/24-HORAS.png\" \/>\n\t<meta property=\"og:image:width\" content=\"294\" \/>\n\t<meta property=\"og:image:height\" content=\"294\" \/>\n\t<meta property=\"og:image:type\" content=\"image\/png\" \/>\n<meta name=\"twitter:card\" content=\"summary_large_image\" \/>\n<meta name=\"twitter:label1\" content=\"Est. tempo de leitura\" \/>\n\t<meta name=\"twitter:data1\" content=\"1 minuto\" \/>\n<script type=\"application\/ld+json\" class=\"yoast-schema-graph\">{\"@context\":\"https:\/\/schema.org\",\"@graph\":[{\"@type\":\"WebPage\",\"@id\":\"https:\/\/www.chaveirocobraosasco.com.br\/1\/servicos\/chaveiro-24-horas-em-osasco-barueri\/\",\"url\":\"https:\/\/www.chaveirocobraosasco.com.br\/1\/servicos\/chaveiro-24-horas-em-osasco-barueri\/\",\"name\":\"Chaveiro 24 Horas - Chaveiro Cobra em Osasco Ligue 11 99571-7875 Atendimento em Osasco e regi&atilde;o 24 Horas\",\"isPartOf\":{\"@id\":\"https:\/\/www.chaveirocobraosasco.com.br\/1\/#website\"},\"datePublished\":\"2017-06-20T08:26:19+00:00\",\"dateModified\":\"2022-11-20T04:06:19+00:00\",\"description\":\"Chaveiro 24 Horas Chaveiro Cobra em Osasco Ligue 11 99571-7875 Atendimento em Osasco e regi&atilde;o 24 Horas\",\"breadcrumb\":{\"@id\":\"https:\/\/www.chaveirocobraosasco.com.br\/1\/servicos\/chaveiro-24-horas-em-osasco-barueri\/#breadcrumb\"},\"inLanguage\":\"pt-BR\",\"potentialAction\":[{\"@type\":\"ReadAction\",\"target\":[\"https:\/\/www.chaveirocobraosasco.com.br\/1\/servicos\/chaveiro-24-horas-em-osasco-barueri\/\"]}]},{\"@type\":\"BreadcrumbList\",\"@id\":\"https:\/\/www.chaveirocobraosasco.com.br\/1\/servicos\/chaveiro-24-horas-em-osasco-barueri\/#breadcrumb\",\"itemListElement\":[{\"@type\":\"ListItem\",\"position\":1,\"name\":\"Home\",\"item\":\"https:\/\/www.chaveirocobraosasco.com.br\/1\/\"},{\"@type\":\"ListItem\",\"position\":2,\"name\":\"SERVI\u00c7OS\",\"item\":\"https:\/\/www.chaveirocobraosasco.com.br\/1\/servicos\/\"},{\"@type\":\"ListItem\",\"position\":3,\"name\":\"Chaveiro 24 Horas\"}]},{\"@type\":\"WebSite\",\"@id\":\"https:\/\/www.chaveirocobraosasco.com.br\/1\/#website\",\"url\":\"https:\/\/www.chaveirocobraosasco.com.br\/1\/\",\"name\":\"Chaveiro Cobra em Osasco Ligue 11 99571-7875 Atendimento em Osasco e regi&atilde;o 24 Horas\",\"description\":\"Chaveiro Cobra em Osasco Atendimento 24 horas \",\"publisher\":{\"@id\":\"https:\/\/www.chaveirocobraosasco.com.br\/1\/#organization\"},\"potentialAction\":[{\"@type\":\"SearchAction\",\"target\":{\"@type\":\"EntryPoint\",\"urlTemplate\":\"https:\/\/www.chaveirocobraosasco.com.br\/1\/?s={search_term_string}\"},\"query-input\":\"required name=search_term_string\"}],\"inLanguage\":\"pt-BR\"},{\"@type\":\"Organization\",\"@id\":\"https:\/\/www.chaveirocobraosasco.com.br\/1\/#organization\",\"name\":\"Chaveiro Cobra Osasco\",\"url\":\"https:\/\/www.chaveirocobraosasco.com.br\/1\/\",\"logo\":{\"@type\":\"ImageObject\",\"inLanguage\":\"pt-BR\",\"@id\":\"https:\/\/www.chaveirocobraosasco.com.br\/1\/#\/schema\/logo\/image\/\",\"url\":\"http:\/\/www.chaveirocobraosasco.com.br\/1\/wp-content\/uploads\/2019\/03\/LOGO-COBRA.png\",\"contentUrl\":\"http:\/\/www.chaveirocobraosasco.com.br\/1\/wp-content\/uploads\/2019\/03\/LOGO-COBRA.png\",\"width\":388,\"height\":183,\"caption\":\"Chaveiro Cobra Osasco\"},\"image\":{\"@id\":\"https:\/\/www.chaveirocobraosasco.com.br\/1\/#\/schema\/logo\/image\/\"}}]}<\/script>\n<!-- \/ Yoast SEO Premium plugin. -->","yoast_head_json":{"title":"Chaveiro 24 Horas - Chaveiro Cobra em Osasco Ligue 11 99571-7875 Atendimento em Osasco e regi&atilde;o 24 Horas","description":"Chaveiro 24 Horas Chaveiro Cobra em Osasco Ligue 11 99571-7875 Atendimento em Osasco e regi&atilde;o 24 Horas","robots":{"index":"index","follow":"follow","max-snippet":"max-snippet:-1","max-image-preview":"max-image-preview:large","max-video-preview":"max-video-preview:-1"},"canonical":"https:\/\/www.chaveirocobraosasco.com.br\/1\/servicos\/chaveiro-24-horas-em-osasco-barueri\/","og_locale":"pt_BR","og_type":"article","og_title":"Chaveiro 24 Horas","og_description":"Chaveiro 24 Horas Chaveiro Cobra em Osasco Ligue 11 99571-7875 Atendimento em Osasco e regi&atilde;o 24 Horas","og_url":"https:\/\/www.chaveirocobraosasco.com.br\/1\/servicos\/chaveiro-24-horas-em-osasco-barueri\/","og_site_name":"Chaveiro Cobra em Osasco Ligue 11 99571-7875 Atendimento em Osasco e regi&atilde;o 24 Horas","article_modified_time":"2022-11-20T04:06:19+00:00","og_image":[{"width":294,"height":294,"url":"http:\/\/www.chaveirocobraosasco.com.br\/1\/wp-content\/uploads\/2022\/03\/24-HORAS.png","type":"image\/png"}],"twitter_card":"summary_large_image","twitter_misc":{"Est. tempo de leitura":"1 minuto"},"schema":{"@context":"https:\/\/schema.org","@graph":[{"@type":"WebPage","@id":"https:\/\/www.chaveirocobraosasco.com.br\/1\/servicos\/chaveiro-24-horas-em-osasco-barueri\/","url":"https:\/\/www.chaveirocobraosasco.com.br\/1\/servicos\/chaveiro-24-horas-em-osasco-barueri\/","name":"Chaveiro 24 Horas - Chaveiro Cobra em Osasco Ligue 11 99571-7875 Atendimento em Osasco e regi&atilde;o 24 Horas","isPartOf":{"@id":"https:\/\/www.chaveirocobraosasco.com.br\/1\/#website"},"datePublished":"2017-06-20T08:26:19+00:00","dateModified":"2022-11-20T04:06:19+00:00","description":"Chaveiro 24 Horas Chaveiro Cobra em Osasco Ligue 11 99571-7875 Atendimento em Osasco e regi&atilde;o 24 Horas","breadcrumb":{"@id":"https:\/\/www.chaveirocobraosasco.com.br\/1\/servicos\/chaveiro-24-horas-em-osasco-barueri\/#breadcrumb"},"inLanguage":"pt-BR","potentialAction":[{"@type":"ReadAction","target":["https:\/\/www.chaveirocobraosasco.com.br\/1\/servicos\/chaveiro-24-horas-em-osasco-barueri\/"]}]},{"@type":"BreadcrumbList","@id":"https:\/\/www.chaveirocobraosasco.com.br\/1\/servicos\/chaveiro-24-horas-em-osasco-barueri\/#breadcrumb","itemListElement":[{"@type":"ListItem","position":1,"name":"Home","item":"https:\/\/www.chaveirocobraosasco.com.br\/1\/"},{"@type":"ListItem","position":2,"name":"SERVI\u00c7OS","item":"https:\/\/www.chaveirocobraosasco.com.br\/1\/servicos\/"},{"@type":"ListItem","position":3,"name":"Chaveiro 24 Horas"}]},{"@type":"WebSite","@id":"https:\/\/www.chaveirocobraosasco.com.br\/1\/#website","url":"https:\/\/www.chaveirocobraosasco.com.br\/1\/","name":"Chaveiro Cobra em Osasco Ligue 11 99571-7875 Atendimento em Osasco e regi&atilde;o 24 Horas","description":"Chaveiro Cobra em Osasco Atendimento 24 horas ","publisher":{"@id":"https:\/\/www.chaveirocobraosasco.com.br\/1\/#organization"},"potentialAction":[{"@type":"SearchAction","target":{"@type":"EntryPoint","urlTemplate":"https:\/\/www.chaveirocobraosasco.com.br\/1\/?s={search_term_string}"},"query-input":"required name=search_term_string"}],"inLanguage":"pt-BR"},{"@type":"Organization","@id":"https:\/\/www.chaveirocobraosasco.com.br\/1\/#organization","name":"Chaveiro Cobra Osasco","url":"https:\/\/www.chaveirocobraosasco.com.br\/1\/","logo":{"@type":"ImageObject","inLanguage":"pt-BR","@id":"https:\/\/www.chaveirocobraosasco.com.br\/1\/#\/schema\/logo\/image\/","url":"http:\/\/www.chaveirocobraosasco.com.br\/1\/wp-content\/uploads\/2019\/03\/LOGO-COBRA.png","contentUrl":"http:\/\/www.chaveirocobraosasco.com.br\/1\/wp-content\/uploads\/2019\/03\/LOGO-COBRA.png","width":388,"height":183,"caption":"Chaveiro Cobra Osasco"},"image":{"@id":"https:\/\/www.chaveirocobraosasco.com.br\/1\/#\/schema\/logo\/image\/"}}]}},"_links":{"self":[{"href":"https:\/\/www.chaveirocobraosasco.com.br\/1\/wp-json\/wp\/v2\/pages\/108"}],"collection":[{"href":"https:\/\/www.chaveirocobraosasco.com.br\/1\/wp-json\/wp\/v2\/pages"}],"about":[{"href":"https:\/\/www.chaveirocobraosasco.com.br\/1\/wp-json\/wp\/v2\/types\/page"}],"author":[{"embeddable":true,"href":"https:\/\/www.chaveirocobraosasco.com.br\/1\/wp-json\/wp\/v2\/users\/1"}],"replies":[{"embeddable":true,"href":"https:\/\/www.chaveirocobraosasco.com.br\/1\/wp-json\/wp\/v2\/comments?post=108"}],"version-history":[{"count":11,"href":"https:\/\/www.chaveirocobraosasco.com.br\/1\/wp-json\/wp\/v2\/pages\/108\/revisions"}],"predecessor-version":[{"id":1400,"href":"https:\/\/www.chaveirocobraosasco.com.br\/1\/wp-json\/wp\/v2\/pages\/108\/revisions\/1400"}],"up":[{"embeddable":true,"href":"https:\/\/www.chaveirocobraosasco.com.br\/1\/wp-json\/wp\/v2\/pages\/9"}],"wp:featuredmedia":[{"embeddable":true,"href":"https:\/\/www.chaveirocobraosasco.com.br\/1\/wp-json\/wp\/v2\/media\/1239"}],"wp:attachment":[{"href":"https:\/\/www.chaveirocobraosasco.com.br\/1\/wp-json\/wp\/v2\/media?parent=108"}],"curies":[{"name":"wp","href":"https:\/\/api.w.org\/{rel}","templated":true}]}}