{"id":1099,"date":"2017-06-29T07:44:31","date_gmt":"2017-06-29T07:44:31","guid":{"rendered":"https:\/\/xml-io.proteusthemes.com\/gympress\/?page_id=1099"},"modified":"2022-11-20T04:26:33","modified_gmt":"2022-11-20T04:26:33","slug":"chaveiro-osasco-barueri","status":"publish","type":"page","link":"https:\/\/www.chaveirocobraosasco.com.br\/1\/servicos\/chaveiro-osasco-barueri\/","title":{"rendered":"Chaveiro Residencial"},"content":{"rendered":"<div id=\"pl-1099\"  class=\"panel-layout\" ><div id=\"pg-1099-0\"  class=\"panel-grid panel-has-style\" ><div class=\"siteorigin-panels-stretch panel-row-style panel-row-style-for-1099-0\" data-stretch-type=\"full\" ><div id=\"pgc-1099-0-0\"  class=\"panel-grid-cell\" ><div id=\"panel-1099-0-0-0\" class=\"so-panel widget widget_sow-editor panel-first-child panel-last-child\" data-index=\"0\" ><div\n\t\t\t\n\t\t\tclass=\"so-widget-sow-editor so-widget-sow-editor-base\"\n\t\t\t\n\t\t>\n<div class=\"siteorigin-widget-tinymce textwidget\">\n\t<div class=\"wpb_column vc_column_container vc_col-sm-6\">\n<div class=\"vc_column-inner \">\n<div class=\"wpb_wrapper\">\n<div class=\"wpb_text_column wpb_content_element  texto\">\n<div class=\"wpb_wrapper\">\n<p style=\"text-align: justify;\">Precisando de c\u00f3pia de chaves em Osasco e regi\u00e3o? Esse servi\u00e7o \u00e9 o mais procurado e realizado por nossos chaveiros, e perder as chaves \u00e9 um dos principais motivos pelo qual o servi\u00e7o \u00e9 procurado. Se voc\u00ea perdeu a chave em um local ou at\u00e9 mesmo precisa tirar uma c\u00f3pia para ter consigo ou com os seus familiares, o\u00a0<strong>Chaveiro Cobra Osasco<\/strong>\u00a0\u00e9 uma empresa indicada, pois \u00e9 refer\u00eancia em c\u00f3pia de chaves e executa esse servi\u00e7o sempre com rapidez e qualidade.<\/p>\n<p style=\"text-align: justify;\"><strong>Confeccionamos tamb\u00e9m a sua chave a partir do miolo da pr\u00f3pria fechadura.<\/strong><\/p>\n<p style=\"text-align: justify;\">Caso esteja precisando de c\u00f3pia de chave em Osasco e regi\u00e3o, entre em contato conosco e solicite um or\u00e7amento. Trabalhamos com c\u00f3pia de chave yale, tetra e tamb\u00e9m fazemos c\u00f3pia de chaves para carros dos mais variados modelos.<\/p>\n<\/div>\n<\/div>\n<\/div>\n<\/div>\n<\/div>\n<div class=\"wpb_column vc_column_container vc_col-sm-6\">\n<div class=\"vc_column-inner \">\n<div class=\"wpb_wrapper\" style=\"text-align: justify;\"><\/div>\n<\/div>\n<\/div>\n<\/div>\n<\/div><\/div><\/div><div id=\"pgc-1099-0-1\"  class=\"panel-grid-cell\" ><div id=\"panel-1099-0-1-0\" class=\"so-panel widget widget_sow-editor panel-first-child panel-last-child\" data-index=\"1\" ><div\n\t\t\t\n\t\t\tclass=\"so-widget-sow-editor so-widget-sow-editor-base\"\n\t\t\t\n\t\t>\n<div class=\"siteorigin-widget-tinymce textwidget\">\n\t<p><img loading=\"lazy\" decoding=\"async\" class=\"aligncenter size-full wp-image-1385\" src=\"http:\/\/www.chaveirocobraosasco.com.br\/1\/wp-content\/uploads\/2022\/11\/fechadura.jpg\" alt=\"\" width=\"940\" height=\"788\" srcset=\"https:\/\/www.chaveirocobraosasco.com.br\/1\/wp-content\/uploads\/2022\/11\/fechadura.jpg 940w, https:\/\/www.chaveirocobraosasco.com.br\/1\/wp-content\/uploads\/2022\/11\/fechadura-300x251.jpg 300w, https:\/\/www.chaveirocobraosasco.com.br\/1\/wp-content\/uploads\/2022\/11\/fechadura-768x644.jpg 768w\" sizes=\"(max-width: 940px) 100vw, 940px\" \/><\/p>\n<\/div>\n<\/div><\/div><\/div><\/div><\/div><\/div>","protected":false},"excerpt":{"rendered":"<p>Precisando de c\u00f3pia de chaves em Osasco e regi\u00e3o? Esse servi\u00e7o \u00e9 o mais procurado e realizado por nossos chaveiros, e perder as chaves \u00e9 um dos principais motivos pelo qual o servi\u00e7o \u00e9 procurado. Se voc\u00ea perdeu a chave em um local ou at\u00e9 mesmo precisa tirar uma c\u00f3pia para ter consigo ou com &hellip;<\/p>\n","protected":false},"author":1,"featured_media":1228,"parent":9,"menu_order":0,"comment_status":"closed","ping_status":"closed","template":"","meta":{"_acf_changed":false,"_monsterinsights_skip_tracking":false,"_monsterinsights_sitenote_active":false,"_monsterinsights_sitenote_note":"","_monsterinsights_sitenote_category":0,"footnotes":""},"class_list":{"0":"post-1099","1":"page","2":"type-page","3":"status-publish","4":"has-post-thumbnail","6":"clearfix","7":"article"},"acf":[],"yoast_head":"<!-- This site is optimized with the Yoast SEO Premium plugin v18.0 (Yoast SEO v20.13) - https:\/\/yoast.com\/wordpress\/plugins\/seo\/ -->\n<title>Chaveiro Residencial - Chaveiro Cobra em Osasco Ligue 11 99571-7875 Atendimento em Osasco e regi&atilde;o 24 Horas<\/title>\n<meta name=\"description\" content=\"Chaveiro Residencial Chaveiro Cobra em Osasco Ligue 11 99571-7875 Atendimento em Osasco e regi&atilde;o 24 Horas\" \/>\n<meta name=\"robots\" content=\"index, follow, max-snippet:-1, max-image-preview:large, max-video-preview:-1\" \/>\n<link rel=\"canonical\" href=\"https:\/\/www.chaveirocobraosasco.com.br\/1\/servicos\/chaveiro-osasco-barueri\/\" \/>\n<meta property=\"og:locale\" content=\"pt_BR\" \/>\n<meta property=\"og:type\" content=\"article\" \/>\n<meta property=\"og:title\" content=\"Chaveiro Residencial\" \/>\n<meta property=\"og:description\" content=\"Chaveiro Residencial Chaveiro Cobra em Osasco Ligue 11 99571-7875 Atendimento em Osasco e regi&atilde;o 24 Horas\" \/>\n<meta property=\"og:url\" content=\"https:\/\/www.chaveirocobraosasco.com.br\/1\/servicos\/chaveiro-osasco-barueri\/\" \/>\n<meta property=\"og:site_name\" content=\"Chaveiro Cobra em Osasco Ligue 11 99571-7875 Atendimento em Osasco e regi&atilde;o 24 Horas\" \/>\n<meta property=\"article:modified_time\" content=\"2022-11-20T04:26:33+00:00\" \/>\n<meta property=\"og:image\" content=\"http:\/\/www.chaveirocobraosasco.com.br\/1\/wp-content\/uploads\/2022\/03\/BANERS-INICIAL-copia.jpg\" \/>\n\t<meta property=\"og:image:width\" content=\"350\" \/>\n\t<meta property=\"og:image:height\" content=\"180\" \/>\n\t<meta property=\"og:image:type\" content=\"image\/jpeg\" \/>\n<meta name=\"twitter:card\" content=\"summary_large_image\" \/>\n<meta name=\"twitter:label1\" content=\"Est. tempo de leitura\" \/>\n\t<meta name=\"twitter:data1\" content=\"2 minutos\" \/>\n<script type=\"application\/ld+json\" class=\"yoast-schema-graph\">{\"@context\":\"https:\/\/schema.org\",\"@graph\":[{\"@type\":\"WebPage\",\"@id\":\"https:\/\/www.chaveirocobraosasco.com.br\/1\/servicos\/chaveiro-osasco-barueri\/\",\"url\":\"https:\/\/www.chaveirocobraosasco.com.br\/1\/servicos\/chaveiro-osasco-barueri\/\",\"name\":\"Chaveiro Residencial - Chaveiro Cobra em Osasco Ligue 11 99571-7875 Atendimento em Osasco e regi&atilde;o 24 Horas\",\"isPartOf\":{\"@id\":\"https:\/\/www.chaveirocobraosasco.com.br\/1\/#website\"},\"datePublished\":\"2017-06-29T07:44:31+00:00\",\"dateModified\":\"2022-11-20T04:26:33+00:00\",\"description\":\"Chaveiro Residencial Chaveiro Cobra em Osasco Ligue 11 99571-7875 Atendimento em Osasco e regi&atilde;o 24 Horas\",\"breadcrumb\":{\"@id\":\"https:\/\/www.chaveirocobraosasco.com.br\/1\/servicos\/chaveiro-osasco-barueri\/#breadcrumb\"},\"inLanguage\":\"pt-BR\",\"potentialAction\":[{\"@type\":\"ReadAction\",\"target\":[\"https:\/\/www.chaveirocobraosasco.com.br\/1\/servicos\/chaveiro-osasco-barueri\/\"]}]},{\"@type\":\"BreadcrumbList\",\"@id\":\"https:\/\/www.chaveirocobraosasco.com.br\/1\/servicos\/chaveiro-osasco-barueri\/#breadcrumb\",\"itemListElement\":[{\"@type\":\"ListItem\",\"position\":1,\"name\":\"Home\",\"item\":\"https:\/\/www.chaveirocobraosasco.com.br\/1\/\"},{\"@type\":\"ListItem\",\"position\":2,\"name\":\"SERVI\u00c7OS\",\"item\":\"https:\/\/www.chaveirocobraosasco.com.br\/1\/servicos\/\"},{\"@type\":\"ListItem\",\"position\":3,\"name\":\"Chaveiro Residencial\"}]},{\"@type\":\"WebSite\",\"@id\":\"https:\/\/www.chaveirocobraosasco.com.br\/1\/#website\",\"url\":\"https:\/\/www.chaveirocobraosasco.com.br\/1\/\",\"name\":\"Chaveiro Cobra em Osasco Ligue 11 99571-7875 Atendimento em Osasco e regi&atilde;o 24 Horas\",\"description\":\"Chaveiro Cobra em Osasco Atendimento 24 horas \",\"publisher\":{\"@id\":\"https:\/\/www.chaveirocobraosasco.com.br\/1\/#organization\"},\"potentialAction\":[{\"@type\":\"SearchAction\",\"target\":{\"@type\":\"EntryPoint\",\"urlTemplate\":\"https:\/\/www.chaveirocobraosasco.com.br\/1\/?s={search_term_string}\"},\"query-input\":\"required name=search_term_string\"}],\"inLanguage\":\"pt-BR\"},{\"@type\":\"Organization\",\"@id\":\"https:\/\/www.chaveirocobraosasco.com.br\/1\/#organization\",\"name\":\"Chaveiro Cobra Osasco\",\"url\":\"https:\/\/www.chaveirocobraosasco.com.br\/1\/\",\"logo\":{\"@type\":\"ImageObject\",\"inLanguage\":\"pt-BR\",\"@id\":\"https:\/\/www.chaveirocobraosasco.com.br\/1\/#\/schema\/logo\/image\/\",\"url\":\"http:\/\/www.chaveirocobraosasco.com.br\/1\/wp-content\/uploads\/2019\/03\/LOGO-COBRA.png\",\"contentUrl\":\"http:\/\/www.chaveirocobraosasco.com.br\/1\/wp-content\/uploads\/2019\/03\/LOGO-COBRA.png\",\"width\":388,\"height\":183,\"caption\":\"Chaveiro Cobra Osasco\"},\"image\":{\"@id\":\"https:\/\/www.chaveirocobraosasco.com.br\/1\/#\/schema\/logo\/image\/\"}}]}<\/script>\n<!-- \/ Yoast SEO Premium plugin. -->","yoast_head_json":{"title":"Chaveiro Residencial - Chaveiro Cobra em Osasco Ligue 11 99571-7875 Atendimento em Osasco e regi&atilde;o 24 Horas","description":"Chaveiro Residencial Chaveiro Cobra em Osasco Ligue 11 99571-7875 Atendimento em Osasco e regi&atilde;o 24 Horas","robots":{"index":"index","follow":"follow","max-snippet":"max-snippet:-1","max-image-preview":"max-image-preview:large","max-video-preview":"max-video-preview:-1"},"canonical":"https:\/\/www.chaveirocobraosasco.com.br\/1\/servicos\/chaveiro-osasco-barueri\/","og_locale":"pt_BR","og_type":"article","og_title":"Chaveiro Residencial","og_description":"Chaveiro Residencial Chaveiro Cobra em Osasco Ligue 11 99571-7875 Atendimento em Osasco e regi&atilde;o 24 Horas","og_url":"https:\/\/www.chaveirocobraosasco.com.br\/1\/servicos\/chaveiro-osasco-barueri\/","og_site_name":"Chaveiro Cobra em Osasco Ligue 11 99571-7875 Atendimento em Osasco e regi&atilde;o 24 Horas","article_modified_time":"2022-11-20T04:26:33+00:00","og_image":[{"width":350,"height":180,"url":"http:\/\/www.chaveirocobraosasco.com.br\/1\/wp-content\/uploads\/2022\/03\/BANERS-INICIAL-copia.jpg","type":"image\/jpeg"}],"twitter_card":"summary_large_image","twitter_misc":{"Est. tempo de leitura":"2 minutos"},"schema":{"@context":"https:\/\/schema.org","@graph":[{"@type":"WebPage","@id":"https:\/\/www.chaveirocobraosasco.com.br\/1\/servicos\/chaveiro-osasco-barueri\/","url":"https:\/\/www.chaveirocobraosasco.com.br\/1\/servicos\/chaveiro-osasco-barueri\/","name":"Chaveiro Residencial - Chaveiro Cobra em Osasco Ligue 11 99571-7875 Atendimento em Osasco e regi&atilde;o 24 Horas","isPartOf":{"@id":"https:\/\/www.chaveirocobraosasco.com.br\/1\/#website"},"datePublished":"2017-06-29T07:44:31+00:00","dateModified":"2022-11-20T04:26:33+00:00","description":"Chaveiro Residencial Chaveiro Cobra em Osasco Ligue 11 99571-7875 Atendimento em Osasco e regi&atilde;o 24 Horas","breadcrumb":{"@id":"https:\/\/www.chaveirocobraosasco.com.br\/1\/servicos\/chaveiro-osasco-barueri\/#breadcrumb"},"inLanguage":"pt-BR","potentialAction":[{"@type":"ReadAction","target":["https:\/\/www.chaveirocobraosasco.com.br\/1\/servicos\/chaveiro-osasco-barueri\/"]}]},{"@type":"BreadcrumbList","@id":"https:\/\/www.chaveirocobraosasco.com.br\/1\/servicos\/chaveiro-osasco-barueri\/#breadcrumb","itemListElement":[{"@type":"ListItem","position":1,"name":"Home","item":"https:\/\/www.chaveirocobraosasco.com.br\/1\/"},{"@type":"ListItem","position":2,"name":"SERVI\u00c7OS","item":"https:\/\/www.chaveirocobraosasco.com.br\/1\/servicos\/"},{"@type":"ListItem","position":3,"name":"Chaveiro Residencial"}]},{"@type":"WebSite","@id":"https:\/\/www.chaveirocobraosasco.com.br\/1\/#website","url":"https:\/\/www.chaveirocobraosasco.com.br\/1\/","name":"Chaveiro Cobra em Osasco Ligue 11 99571-7875 Atendimento em Osasco e regi&atilde;o 24 Horas","description":"Chaveiro Cobra em Osasco Atendimento 24 horas ","publisher":{"@id":"https:\/\/www.chaveirocobraosasco.com.br\/1\/#organization"},"potentialAction":[{"@type":"SearchAction","target":{"@type":"EntryPoint","urlTemplate":"https:\/\/www.chaveirocobraosasco.com.br\/1\/?s={search_term_string}"},"query-input":"required name=search_term_string"}],"inLanguage":"pt-BR"},{"@type":"Organization","@id":"https:\/\/www.chaveirocobraosasco.com.br\/1\/#organization","name":"Chaveiro Cobra Osasco","url":"https:\/\/www.chaveirocobraosasco.com.br\/1\/","logo":{"@type":"ImageObject","inLanguage":"pt-BR","@id":"https:\/\/www.chaveirocobraosasco.com.br\/1\/#\/schema\/logo\/image\/","url":"http:\/\/www.chaveirocobraosasco.com.br\/1\/wp-content\/uploads\/2019\/03\/LOGO-COBRA.png","contentUrl":"http:\/\/www.chaveirocobraosasco.com.br\/1\/wp-content\/uploads\/2019\/03\/LOGO-COBRA.png","width":388,"height":183,"caption":"Chaveiro Cobra Osasco"},"image":{"@id":"https:\/\/www.chaveirocobraosasco.com.br\/1\/#\/schema\/logo\/image\/"}}]}},"_links":{"self":[{"href":"https:\/\/www.chaveirocobraosasco.com.br\/1\/wp-json\/wp\/v2\/pages\/1099"}],"collection":[{"href":"https:\/\/www.chaveirocobraosasco.com.br\/1\/wp-json\/wp\/v2\/pages"}],"about":[{"href":"https:\/\/www.chaveirocobraosasco.com.br\/1\/wp-json\/wp\/v2\/types\/page"}],"author":[{"embeddable":true,"href":"https:\/\/www.chaveirocobraosasco.com.br\/1\/wp-json\/wp\/v2\/users\/1"}],"replies":[{"embeddable":true,"href":"https:\/\/www.chaveirocobraosasco.com.br\/1\/wp-json\/wp\/v2\/comments?post=1099"}],"version-history":[{"count":7,"href":"https:\/\/www.chaveirocobraosasco.com.br\/1\/wp-json\/wp\/v2\/pages\/1099\/revisions"}],"predecessor-version":[{"id":1405,"href":"https:\/\/www.chaveirocobraosasco.com.br\/1\/wp-json\/wp\/v2\/pages\/1099\/revisions\/1405"}],"up":[{"embeddable":true,"href":"https:\/\/www.chaveirocobraosasco.com.br\/1\/wp-json\/wp\/v2\/pages\/9"}],"wp:featuredmedia":[{"embeddable":true,"href":"https:\/\/www.chaveirocobraosasco.com.br\/1\/wp-json\/wp\/v2\/media\/1228"}],"wp:attachment":[{"href":"https:\/\/www.chaveirocobraosasco.com.br\/1\/wp-json\/wp\/v2\/media?parent=1099"}],"curies":[{"name":"wp","href":"https:\/\/api.w.org\/{rel}","templated":true}]}}