{"id":1102,"date":"2017-06-29T07:45:02","date_gmt":"2017-06-29T07:45:02","guid":{"rendered":"https:\/\/xml-io.proteusthemes.com\/gympress\/?page_id=1102"},"modified":"2022-11-20T14:00:01","modified_gmt":"2022-11-20T14:00:01","slug":"chaveiro-condominios","status":"publish","type":"page","link":"https:\/\/www.chaveirocobraosasco.com.br\/1\/servicos\/chaveiro-condominios\/","title":{"rendered":"Chaveiro Condominios"},"content":{"rendered":"<div id=\"pl-1102\"  class=\"panel-layout\" ><div id=\"pg-1102-0\"  class=\"panel-grid panel-has-style\" ><div class=\"siteorigin-panels-stretch panel-row-style panel-row-style-for-1102-0\" data-stretch-type=\"full\" ><div id=\"pgc-1102-0-0\"  class=\"panel-grid-cell\" ><div id=\"panel-1102-0-0-0\" class=\"so-panel widget widget_sow-editor panel-first-child\" data-index=\"0\" ><div\n\t\t\t\n\t\t\tclass=\"so-widget-sow-editor so-widget-sow-editor-base\"\n\t\t\t\n\t\t>\n<div class=\"siteorigin-widget-tinymce textwidget\">\n\t<h2>Chaveiro para <a href=\"https:\/\/www.chaveirocobraosasco.com.br\/1\/servicos\/chaveiro-condominios\/\">condominios<\/a> empresas<\/h2>\n<p style=\"text-align: justify;\">Precisando de c\u00f3pia de chaves em Osasco e regi\u00e3o? Esse servi\u00e7o \u00e9 o mais procurado e realizado por nossos chaveiros, e perder as chaves \u00e9 um dos principais motivos pelo qual o servi\u00e7o \u00e9 procurado.<\/p>\n<p style=\"text-align: justify;\">Se voc\u00ea perdeu a chave em um local ou at\u00e9 mesmo precisa tirar uma c\u00f3pia para ter consigo ou com os seus familiares, o\u00a0<strong><a href=\"https:\/\/www.chaveirocobraosasco.com.br\/1\/servicos\/chaveiro-condominios\/\">Chaveiro<\/a> Cobra Osasco<\/strong> \u00e9 uma empresa indicada, pois \u00e9 refer\u00eancia em c\u00f3pia de chaves e executamos esse servi\u00e7o sempre com rapidez e qualidade.<\/p>\n<p style=\"text-align: justify;\"><strong>Confeccionamos tamb\u00e9m a sua chave a partir do miolo da pr\u00f3pria fechadura.<\/strong><\/p>\n<p style=\"text-align: justify;\">Caso esteja precisando de <a href=\"https:\/\/www.chaveirocobraosasco.com.br\/1\/servicos\/chaveiro-condominios\/\">c\u00f3pia de chave em Osasco e regi\u00e3o<\/a>, entre em contato conosco e solicite um or\u00e7amento. Trabalhamos com c\u00f3pia de chave yale, tetra e tamb\u00e9m fazemos c\u00f3pia de chaves para carros dos mais variados modelos.<\/p>\n<p style=\"text-align: justify;\">\n<\/div>\n<\/div><\/div><div id=\"panel-1102-0-0-1\" class=\"so-panel widget widget_sow-editor panel-last-child\" data-index=\"1\" ><div\n\t\t\t\n\t\t\tclass=\"so-widget-sow-editor so-widget-sow-editor-base\"\n\t\t\t\n\t\t>\n<div class=\"siteorigin-widget-tinymce textwidget\">\n\t<p style=\"text-align: justify;\">Com anos de experi\u00eancia na \u00e1rea, Executamos todos os servi\u00e7os de chaveiro e estamos a disposi\u00e7\u00e3o 24 horas por dia. Fazemos o m\u00e1ximo para chegar com rapidez no local da emerg\u00eancia e resolver o seu problema. O chaveiro Cobra Osasco 24 horas, \u00a0disponibiliza tamb\u00e9m profissionais extremamente qualificados e experientes para que seu problema seja solucionado com agilidade e com qualidade no servi\u00e7o prestado.<\/p>\n<hr \/>\n<div style=\"text-align: justify;\"><\/div>\n<div style=\"text-align: justify;\"><strong>Seriedade e compromisso com<\/strong><strong>\u00a0o cliente s\u00e3o nossas prioridades.\u200b\u200b\u200b<\/strong><\/div>\n<p style=\"text-align: justify;\">Atendemos: Osasco - Carapicuiba - Barueri - Alphaville - Santana de Parnaiba - Jaguar\u00e9 - Vila dos Remedios - Vila Yara - Prime Osasco - Raposo Tavares e regi\u00e3o-Veloso-Padroeira-BelaVista-CidadedasFlores-S\u00e3oPaulo-Vila dos R\u00e9medios - Carapicuiba - Autonomistas - Pestana - Pedro Pinho - Jd das Flores - Centro de Osasco<\/p>\n<hr \/>\n<p><span style=\"color: #ffffff;\">Bela Vista, Chaveiro Osasco Centro, Chaveiro Autonomistas, Osasco - Chaveiro Carapicuiba - Chaveiro Barueri - Chaveiro Alphaville - Chaveiro Santana de Parnaiba - Chaveiro Jaguar\u00e9 - Chaveiro Vila dos Remedios - Chaveiro Vila Yara - Chaveiro Prime Osasco - Chaveiro Raposo Tavares e regi\u00e3o-Chaveiro Veloso-Chaveiro Padroeira-Chaveiro BelaVista-Chaveiro Cidadedas Flores-Chaveiro S\u00e3oPaulo-Chaveiro Vila dos R\u00e9medios - Chaveiro Carapicuiba - Chaveiro Autonomistas - Chaveiro Pestana - Chaveiro Pedro Pinho - Chaveiro Jd das Flores - Chaveiro Centro de Osasco - Chaveiro Centro Osasco<\/span><\/p>\n<div><\/div>\n<div><\/div>\n<div><\/div>\n<\/div>\n<\/div><\/div><\/div><div id=\"pgc-1102-0-1\"  class=\"panel-grid-cell\" ><div id=\"panel-1102-0-1-0\" class=\"so-panel widget widget_sow-editor panel-first-child\" data-index=\"2\" ><div\n\t\t\t\n\t\t\tclass=\"so-widget-sow-editor so-widget-sow-editor-base\"\n\t\t\t\n\t\t>\n<div class=\"siteorigin-widget-tinymce textwidget\">\n\t<p><img loading=\"lazy\" decoding=\"async\" class=\"aligncenter size-full wp-image-1385\" src=\"http:\/\/www.chaveirocobraosasco.com.br\/1\/wp-content\/uploads\/2022\/11\/fechadura.jpg\" alt=\"\" width=\"940\" height=\"788\" srcset=\"https:\/\/www.chaveirocobraosasco.com.br\/1\/wp-content\/uploads\/2022\/11\/fechadura.jpg 940w, https:\/\/www.chaveirocobraosasco.com.br\/1\/wp-content\/uploads\/2022\/11\/fechadura-300x251.jpg 300w, https:\/\/www.chaveirocobraosasco.com.br\/1\/wp-content\/uploads\/2022\/11\/fechadura-768x644.jpg 768w\" sizes=\"(max-width: 940px) 100vw, 940px\" \/><\/p>\n<\/div>\n<\/div><\/div><div id=\"panel-1102-0-1-1\" class=\"so-panel widget widget_sow-editor panel-last-child\" data-index=\"3\" ><div\n\t\t\t\n\t\t\tclass=\"so-widget-sow-editor so-widget-sow-editor-base\"\n\t\t\t\n\t\t>\n<div class=\"siteorigin-widget-tinymce textwidget\">\n\t<\/div>\n<\/div><\/div><\/div><\/div><\/div><div id=\"pg-1102-1\"  class=\"panel-grid panel-has-style\" ><div class=\"siteorigin-panels-stretch panel-row-style panel-row-style-for-1102-1\" data-stretch-type=\"full\" ><div id=\"pgc-1102-1-0\"  class=\"panel-grid-cell\" ><div id=\"panel-1102-1-0-0\" class=\"so-panel widget widget_sow-editor panel-first-child panel-last-child\" data-index=\"4\" ><div\n\t\t\t\n\t\t\tclass=\"so-widget-sow-editor so-widget-sow-editor-base\"\n\t\t\t\n\t\t>\n<div class=\"siteorigin-widget-tinymce textwidget\">\n\t<div id='gallery-1' class='gallery galleryid-1102 gallery-columns-4 gallery-size-medium'><figure class='gallery-item'>\n\t\t\t<div class='gallery-icon landscape'>\n\t\t\t\t<img loading=\"lazy\" decoding=\"async\" width=\"280\" height=\"155\" src=\"https:\/\/www.chaveirocobraosasco.com.br\/1\/wp-content\/uploads\/2022\/03\/1184.jpg\" class=\"attachment-medium size-medium\" alt=\"\" \/>\n\t\t\t<\/div><\/figure><figure class='gallery-item'>\n\t\t\t<div class='gallery-icon landscape'>\n\t\t\t\t<img loading=\"lazy\" decoding=\"async\" width=\"280\" height=\"155\" src=\"https:\/\/www.chaveirocobraosasco.com.br\/1\/wp-content\/uploads\/2022\/03\/1185.jpg\" class=\"attachment-medium size-medium\" alt=\"\" \/>\n\t\t\t<\/div><\/figure><figure class='gallery-item'>\n\t\t\t<div class='gallery-icon landscape'>\n\t\t\t\t<img loading=\"lazy\" decoding=\"async\" width=\"280\" height=\"155\" src=\"https:\/\/www.chaveirocobraosasco.com.br\/1\/wp-content\/uploads\/2022\/03\/1186.jpg\" class=\"attachment-medium size-medium\" alt=\"\" \/>\n\t\t\t<\/div><\/figure><figure class='gallery-item'>\n\t\t\t<div class='gallery-icon landscape'>\n\t\t\t\t<img loading=\"lazy\" decoding=\"async\" width=\"280\" height=\"155\" src=\"https:\/\/www.chaveirocobraosasco.com.br\/1\/wp-content\/uploads\/2022\/03\/1187.jpg\" class=\"attachment-medium size-medium\" alt=\"\" \/>\n\t\t\t<\/div><\/figure><figure class='gallery-item'>\n\t\t\t<div class='gallery-icon landscape'>\n\t\t\t\t<img loading=\"lazy\" decoding=\"async\" width=\"280\" height=\"155\" src=\"https:\/\/www.chaveirocobraosasco.com.br\/1\/wp-content\/uploads\/2022\/03\/1188.jpg\" class=\"attachment-medium size-medium\" alt=\"\" \/>\n\t\t\t<\/div><\/figure><figure class='gallery-item'>\n\t\t\t<div class='gallery-icon landscape'>\n\t\t\t\t<img loading=\"lazy\" decoding=\"async\" width=\"280\" height=\"155\" src=\"https:\/\/www.chaveirocobraosasco.com.br\/1\/wp-content\/uploads\/2022\/03\/1189.jpg\" class=\"attachment-medium size-medium\" alt=\"\" \/>\n\t\t\t<\/div><\/figure><figure class='gallery-item'>\n\t\t\t<div class='gallery-icon landscape'>\n\t\t\t\t<img loading=\"lazy\" decoding=\"async\" width=\"280\" height=\"155\" src=\"https:\/\/www.chaveirocobraosasco.com.br\/1\/wp-content\/uploads\/2022\/03\/1190.jpg\" class=\"attachment-medium size-medium\" alt=\"\" \/>\n\t\t\t<\/div><\/figure><figure class='gallery-item'>\n\t\t\t<div class='gallery-icon landscape'>\n\t\t\t\t<img loading=\"lazy\" decoding=\"async\" width=\"280\" height=\"155\" src=\"https:\/\/www.chaveirocobraosasco.com.br\/1\/wp-content\/uploads\/2022\/03\/1191.jpg\" class=\"attachment-medium size-medium\" alt=\"\" \/>\n\t\t\t<\/div><\/figure><figure class='gallery-item'>\n\t\t\t<div class='gallery-icon landscape'>\n\t\t\t\t<img loading=\"lazy\" decoding=\"async\" width=\"280\" height=\"155\" src=\"https:\/\/www.chaveirocobraosasco.com.br\/1\/wp-content\/uploads\/2022\/03\/1192.jpg\" class=\"attachment-medium size-medium\" alt=\"\" \/>\n\t\t\t<\/div><\/figure><figure class='gallery-item'>\n\t\t\t<div class='gallery-icon landscape'>\n\t\t\t\t<img loading=\"lazy\" decoding=\"async\" width=\"280\" height=\"155\" src=\"https:\/\/www.chaveirocobraosasco.com.br\/1\/wp-content\/uploads\/2022\/03\/1193.jpg\" class=\"attachment-medium size-medium\" alt=\"\" \/>\n\t\t\t<\/div><\/figure><figure class='gallery-item'>\n\t\t\t<div class='gallery-icon landscape'>\n\t\t\t\t<img loading=\"lazy\" decoding=\"async\" width=\"280\" height=\"155\" src=\"https:\/\/www.chaveirocobraosasco.com.br\/1\/wp-content\/uploads\/2022\/03\/1194.jpg\" class=\"attachment-medium size-medium\" alt=\"\" \/>\n\t\t\t<\/div><\/figure><figure class='gallery-item'>\n\t\t\t<div class='gallery-icon landscape'>\n\t\t\t\t<img loading=\"lazy\" decoding=\"async\" width=\"280\" height=\"155\" src=\"https:\/\/www.chaveirocobraosasco.com.br\/1\/wp-content\/uploads\/2022\/03\/1195.jpg\" class=\"attachment-medium size-medium\" alt=\"\" \/>\n\t\t\t<\/div><\/figure><figure class='gallery-item'>\n\t\t\t<div class='gallery-icon landscape'>\n\t\t\t\t<img loading=\"lazy\" decoding=\"async\" width=\"280\" height=\"155\" src=\"https:\/\/www.chaveirocobraosasco.com.br\/1\/wp-content\/uploads\/2022\/03\/1196.jpg\" class=\"attachment-medium size-medium\" alt=\"\" \/>\n\t\t\t<\/div><\/figure><figure class='gallery-item'>\n\t\t\t<div class='gallery-icon landscape'>\n\t\t\t\t<img loading=\"lazy\" decoding=\"async\" width=\"280\" height=\"155\" src=\"https:\/\/www.chaveirocobraosasco.com.br\/1\/wp-content\/uploads\/2022\/03\/1197.jpg\" class=\"attachment-medium size-medium\" alt=\"\" \/>\n\t\t\t<\/div><\/figure><figure class='gallery-item'>\n\t\t\t<div class='gallery-icon landscape'>\n\t\t\t\t<img loading=\"lazy\" decoding=\"async\" width=\"280\" height=\"155\" src=\"https:\/\/www.chaveirocobraosasco.com.br\/1\/wp-content\/uploads\/2022\/03\/1198.jpg\" class=\"attachment-medium size-medium\" alt=\"\" \/>\n\t\t\t<\/div><\/figure><figure class='gallery-item'>\n\t\t\t<div class='gallery-icon landscape'>\n\t\t\t\t<img loading=\"lazy\" decoding=\"async\" width=\"280\" height=\"155\" src=\"https:\/\/www.chaveirocobraosasco.com.br\/1\/wp-content\/uploads\/2022\/03\/1199.jpg\" class=\"attachment-medium size-medium\" alt=\"\" \/>\n\t\t\t<\/div><\/figure>\n\t\t<\/div>\n\n<\/div>\n<\/div><\/div><\/div><\/div><\/div><\/div>","protected":false},"excerpt":{"rendered":"<p>Chaveiro para condominios empresas Precisando de c\u00f3pia de chaves em Osasco e regi\u00e3o? Esse servi\u00e7o \u00e9 o mais procurado e realizado por nossos chaveiros, e perder as chaves \u00e9 um dos principais motivos pelo qual o servi\u00e7o \u00e9 procurado. Se voc\u00ea perdeu a chave em um local ou at\u00e9 mesmo precisa tirar uma c\u00f3pia para &hellip;<\/p>\n","protected":false},"author":1,"featured_media":1230,"parent":9,"menu_order":0,"comment_status":"closed","ping_status":"closed","template":"","meta":{"_acf_changed":false,"_monsterinsights_skip_tracking":false,"_monsterinsights_sitenote_active":false,"_monsterinsights_sitenote_note":"","_monsterinsights_sitenote_category":0,"footnotes":""},"class_list":{"0":"post-1102","1":"page","2":"type-page","3":"status-publish","4":"has-post-thumbnail","6":"clearfix","7":"article"},"acf":[],"yoast_head":"<!-- This site is optimized with the Yoast SEO Premium plugin v18.0 (Yoast SEO v20.13) - https:\/\/yoast.com\/wordpress\/plugins\/seo\/ -->\n<title>Chaveiro 24 horas em condominios e empresas 11 99571-7875<\/title>\n<meta name=\"description\" content=\"Atendemos condominio em Osasco abertura troca de miolo de chaves quebrou a chave fa\u00e7a seu chamado 11 99571-7875 atendemos 24 horas\" \/>\n<meta name=\"robots\" content=\"index, follow, max-snippet:-1, max-image-preview:large, max-video-preview:-1\" \/>\n<link rel=\"canonical\" href=\"https:\/\/www.chaveirocobraosasco.com.br\/1\/servicos\/chaveiro-condominios\/\" \/>\n<meta property=\"og:locale\" content=\"pt_BR\" \/>\n<meta property=\"og:type\" content=\"article\" \/>\n<meta property=\"og:title\" content=\"Chaveiro Condominios\" \/>\n<meta property=\"og:description\" content=\"Atendemos condominio em Osasco abertura troca de miolo de chaves quebrou a chave fa\u00e7a seu chamado 11 99571-7875 atendemos 24 horas\" \/>\n<meta property=\"og:url\" content=\"https:\/\/www.chaveirocobraosasco.com.br\/1\/servicos\/chaveiro-condominios\/\" \/>\n<meta property=\"og:site_name\" content=\"Chaveiro Cobra em Osasco Ligue 11 99571-7875 Atendimento em Osasco e regi&atilde;o 24 Horas\" \/>\n<meta property=\"article:modified_time\" content=\"2022-11-20T14:00:01+00:00\" \/>\n<meta property=\"og:image\" content=\"http:\/\/www.chaveirocobraosasco.com.br\/1\/wp-content\/uploads\/2022\/03\/BANERS-INICIAL-EMPRESA.jpg\" \/>\n\t<meta property=\"og:image:width\" content=\"350\" \/>\n\t<meta property=\"og:image:height\" content=\"180\" \/>\n\t<meta property=\"og:image:type\" content=\"image\/jpeg\" \/>\n<meta name=\"twitter:card\" content=\"summary_large_image\" \/>\n<meta name=\"twitter:label1\" content=\"Est. tempo de leitura\" \/>\n\t<meta name=\"twitter:data1\" content=\"2 minutos\" \/>\n<script type=\"application\/ld+json\" class=\"yoast-schema-graph\">{\"@context\":\"https:\/\/schema.org\",\"@graph\":[{\"@type\":\"WebPage\",\"@id\":\"https:\/\/www.chaveirocobraosasco.com.br\/1\/servicos\/chaveiro-condominios\/\",\"url\":\"https:\/\/www.chaveirocobraosasco.com.br\/1\/servicos\/chaveiro-condominios\/\",\"name\":\"Chaveiro 24 horas em condominios e empresas 11 99571-7875\",\"isPartOf\":{\"@id\":\"https:\/\/www.chaveirocobraosasco.com.br\/1\/#website\"},\"datePublished\":\"2017-06-29T07:45:02+00:00\",\"dateModified\":\"2022-11-20T14:00:01+00:00\",\"description\":\"Atendemos condominio em Osasco abertura troca de miolo de chaves quebrou a chave fa\u00e7a seu chamado 11 99571-7875 atendemos 24 horas\",\"breadcrumb\":{\"@id\":\"https:\/\/www.chaveirocobraosasco.com.br\/1\/servicos\/chaveiro-condominios\/#breadcrumb\"},\"inLanguage\":\"pt-BR\",\"potentialAction\":[{\"@type\":\"ReadAction\",\"target\":[\"https:\/\/www.chaveirocobraosasco.com.br\/1\/servicos\/chaveiro-condominios\/\"]}]},{\"@type\":\"BreadcrumbList\",\"@id\":\"https:\/\/www.chaveirocobraosasco.com.br\/1\/servicos\/chaveiro-condominios\/#breadcrumb\",\"itemListElement\":[{\"@type\":\"ListItem\",\"position\":1,\"name\":\"Home\",\"item\":\"https:\/\/www.chaveirocobraosasco.com.br\/1\/\"},{\"@type\":\"ListItem\",\"position\":2,\"name\":\"SERVI\u00c7OS\",\"item\":\"https:\/\/www.chaveirocobraosasco.com.br\/1\/servicos\/\"},{\"@type\":\"ListItem\",\"position\":3,\"name\":\"Chaveiro Condominios\"}]},{\"@type\":\"WebSite\",\"@id\":\"https:\/\/www.chaveirocobraosasco.com.br\/1\/#website\",\"url\":\"https:\/\/www.chaveirocobraosasco.com.br\/1\/\",\"name\":\"Chaveiro Cobra em Osasco Ligue 11 99571-7875 Atendimento em Osasco e regi&atilde;o 24 Horas\",\"description\":\"Chaveiro Cobra em Osasco Atendimento 24 horas \",\"publisher\":{\"@id\":\"https:\/\/www.chaveirocobraosasco.com.br\/1\/#organization\"},\"potentialAction\":[{\"@type\":\"SearchAction\",\"target\":{\"@type\":\"EntryPoint\",\"urlTemplate\":\"https:\/\/www.chaveirocobraosasco.com.br\/1\/?s={search_term_string}\"},\"query-input\":\"required name=search_term_string\"}],\"inLanguage\":\"pt-BR\"},{\"@type\":\"Organization\",\"@id\":\"https:\/\/www.chaveirocobraosasco.com.br\/1\/#organization\",\"name\":\"Chaveiro Cobra Osasco\",\"url\":\"https:\/\/www.chaveirocobraosasco.com.br\/1\/\",\"logo\":{\"@type\":\"ImageObject\",\"inLanguage\":\"pt-BR\",\"@id\":\"https:\/\/www.chaveirocobraosasco.com.br\/1\/#\/schema\/logo\/image\/\",\"url\":\"http:\/\/www.chaveirocobraosasco.com.br\/1\/wp-content\/uploads\/2019\/03\/LOGO-COBRA.png\",\"contentUrl\":\"http:\/\/www.chaveirocobraosasco.com.br\/1\/wp-content\/uploads\/2019\/03\/LOGO-COBRA.png\",\"width\":388,\"height\":183,\"caption\":\"Chaveiro Cobra Osasco\"},\"image\":{\"@id\":\"https:\/\/www.chaveirocobraosasco.com.br\/1\/#\/schema\/logo\/image\/\"}}]}<\/script>\n<!-- \/ Yoast SEO Premium plugin. -->","yoast_head_json":{"title":"Chaveiro 24 horas em condominios e empresas 11 99571-7875","description":"Atendemos condominio em Osasco abertura troca de miolo de chaves quebrou a chave fa\u00e7a seu chamado 11 99571-7875 atendemos 24 horas","robots":{"index":"index","follow":"follow","max-snippet":"max-snippet:-1","max-image-preview":"max-image-preview:large","max-video-preview":"max-video-preview:-1"},"canonical":"https:\/\/www.chaveirocobraosasco.com.br\/1\/servicos\/chaveiro-condominios\/","og_locale":"pt_BR","og_type":"article","og_title":"Chaveiro Condominios","og_description":"Atendemos condominio em Osasco abertura troca de miolo de chaves quebrou a chave fa\u00e7a seu chamado 11 99571-7875 atendemos 24 horas","og_url":"https:\/\/www.chaveirocobraosasco.com.br\/1\/servicos\/chaveiro-condominios\/","og_site_name":"Chaveiro Cobra em Osasco Ligue 11 99571-7875 Atendimento em Osasco e regi&atilde;o 24 Horas","article_modified_time":"2022-11-20T14:00:01+00:00","og_image":[{"width":350,"height":180,"url":"http:\/\/www.chaveirocobraosasco.com.br\/1\/wp-content\/uploads\/2022\/03\/BANERS-INICIAL-EMPRESA.jpg","type":"image\/jpeg"}],"twitter_card":"summary_large_image","twitter_misc":{"Est. tempo de leitura":"2 minutos"},"schema":{"@context":"https:\/\/schema.org","@graph":[{"@type":"WebPage","@id":"https:\/\/www.chaveirocobraosasco.com.br\/1\/servicos\/chaveiro-condominios\/","url":"https:\/\/www.chaveirocobraosasco.com.br\/1\/servicos\/chaveiro-condominios\/","name":"Chaveiro 24 horas em condominios e empresas 11 99571-7875","isPartOf":{"@id":"https:\/\/www.chaveirocobraosasco.com.br\/1\/#website"},"datePublished":"2017-06-29T07:45:02+00:00","dateModified":"2022-11-20T14:00:01+00:00","description":"Atendemos condominio em Osasco abertura troca de miolo de chaves quebrou a chave fa\u00e7a seu chamado 11 99571-7875 atendemos 24 horas","breadcrumb":{"@id":"https:\/\/www.chaveirocobraosasco.com.br\/1\/servicos\/chaveiro-condominios\/#breadcrumb"},"inLanguage":"pt-BR","potentialAction":[{"@type":"ReadAction","target":["https:\/\/www.chaveirocobraosasco.com.br\/1\/servicos\/chaveiro-condominios\/"]}]},{"@type":"BreadcrumbList","@id":"https:\/\/www.chaveirocobraosasco.com.br\/1\/servicos\/chaveiro-condominios\/#breadcrumb","itemListElement":[{"@type":"ListItem","position":1,"name":"Home","item":"https:\/\/www.chaveirocobraosasco.com.br\/1\/"},{"@type":"ListItem","position":2,"name":"SERVI\u00c7OS","item":"https:\/\/www.chaveirocobraosasco.com.br\/1\/servicos\/"},{"@type":"ListItem","position":3,"name":"Chaveiro Condominios"}]},{"@type":"WebSite","@id":"https:\/\/www.chaveirocobraosasco.com.br\/1\/#website","url":"https:\/\/www.chaveirocobraosasco.com.br\/1\/","name":"Chaveiro Cobra em Osasco Ligue 11 99571-7875 Atendimento em Osasco e regi&atilde;o 24 Horas","description":"Chaveiro Cobra em Osasco Atendimento 24 horas ","publisher":{"@id":"https:\/\/www.chaveirocobraosasco.com.br\/1\/#organization"},"potentialAction":[{"@type":"SearchAction","target":{"@type":"EntryPoint","urlTemplate":"https:\/\/www.chaveirocobraosasco.com.br\/1\/?s={search_term_string}"},"query-input":"required name=search_term_string"}],"inLanguage":"pt-BR"},{"@type":"Organization","@id":"https:\/\/www.chaveirocobraosasco.com.br\/1\/#organization","name":"Chaveiro Cobra Osasco","url":"https:\/\/www.chaveirocobraosasco.com.br\/1\/","logo":{"@type":"ImageObject","inLanguage":"pt-BR","@id":"https:\/\/www.chaveirocobraosasco.com.br\/1\/#\/schema\/logo\/image\/","url":"http:\/\/www.chaveirocobraosasco.com.br\/1\/wp-content\/uploads\/2019\/03\/LOGO-COBRA.png","contentUrl":"http:\/\/www.chaveirocobraosasco.com.br\/1\/wp-content\/uploads\/2019\/03\/LOGO-COBRA.png","width":388,"height":183,"caption":"Chaveiro Cobra Osasco"},"image":{"@id":"https:\/\/www.chaveirocobraosasco.com.br\/1\/#\/schema\/logo\/image\/"}}]}},"_links":{"self":[{"href":"https:\/\/www.chaveirocobraosasco.com.br\/1\/wp-json\/wp\/v2\/pages\/1102"}],"collection":[{"href":"https:\/\/www.chaveirocobraosasco.com.br\/1\/wp-json\/wp\/v2\/pages"}],"about":[{"href":"https:\/\/www.chaveirocobraosasco.com.br\/1\/wp-json\/wp\/v2\/types\/page"}],"author":[{"embeddable":true,"href":"https:\/\/www.chaveirocobraosasco.com.br\/1\/wp-json\/wp\/v2\/users\/1"}],"replies":[{"embeddable":true,"href":"https:\/\/www.chaveirocobraosasco.com.br\/1\/wp-json\/wp\/v2\/comments?post=1102"}],"version-history":[{"count":25,"href":"https:\/\/www.chaveirocobraosasco.com.br\/1\/wp-json\/wp\/v2\/pages\/1102\/revisions"}],"predecessor-version":[{"id":1413,"href":"https:\/\/www.chaveirocobraosasco.com.br\/1\/wp-json\/wp\/v2\/pages\/1102\/revisions\/1413"}],"up":[{"embeddable":true,"href":"https:\/\/www.chaveirocobraosasco.com.br\/1\/wp-json\/wp\/v2\/pages\/9"}],"wp:featuredmedia":[{"embeddable":true,"href":"https:\/\/www.chaveirocobraosasco.com.br\/1\/wp-json\/wp\/v2\/media\/1230"}],"wp:attachment":[{"href":"https:\/\/www.chaveirocobraosasco.com.br\/1\/wp-json\/wp\/v2\/media?parent=1102"}],"curies":[{"name":"wp","href":"https:\/\/api.w.org\/{rel}","templated":true}]}}