{"id":1105,"date":"2017-06-29T07:45:22","date_gmt":"2017-06-29T07:45:22","guid":{"rendered":"https:\/\/xml-io.proteusthemes.com\/gympress\/?page_id=1105"},"modified":"2022-11-20T14:05:46","modified_gmt":"2022-11-20T14:05:46","slug":"chaveiro-residencial-em-osasco","status":"publish","type":"page","link":"https:\/\/www.chaveirocobraosasco.com.br\/1\/servicos\/chaveiro-residencial-em-osasco\/","title":{"rendered":"Cadeados"},"content":{"rendered":"<div id=\"pl-1105\"  class=\"panel-layout\" ><div id=\"pg-1105-0\"  class=\"panel-grid panel-has-style\" ><div class=\"siteorigin-panels-stretch panel-row-style panel-row-style-for-1105-0\" data-stretch-type=\"full\" ><div id=\"pgc-1105-0-0\"  class=\"panel-grid-cell\" ><div id=\"panel-1105-0-0-0\" class=\"so-panel widget widget_sow-editor panel-first-child panel-last-child\" data-index=\"0\" ><div\n\t\t\t\n\t\t\tclass=\"so-widget-sow-editor so-widget-sow-editor-base\"\n\t\t\t\n\t\t>\n<div class=\"siteorigin-widget-tinymce textwidget\">\n\t<p>Chaveiro em Osasco chaves residencial <a href=\"https:\/\/www.chaveirocobraosasco.com.br\/1\/servicos\/chaveiro-em-osasco-barueri\/\">chaves automotivas<\/a> atendemos toda <a href=\"https:\/\/www.chaveirocobraosasco.com.br\/1\/atendimento-osasco\/\">regi\u00e3o de Osasco Barueri Alphaville<\/a> precisando de uma <a href=\"https:\/\/www.chaveirocobraosasco.com.br\/1\/servicos\/chaveiro-osasco-barueri\/\">chaveiro<\/a> fa\u00e7a um chamado.<\/p>\n<p>Chaveiro 24 horas<br \/>\nChaves codificadas<br \/>\nAbertura de auto nacional e importado<br \/>\nAbertura de fechaduras tetra<br \/>\nAbertura de fechadura simples<br \/>\nConserto de fechaduras<br \/>\nAbertura de cofres<br \/>\nInstala\u00e7\u00e3o de fechaduras<br \/>\nConfec\u00e7\u00e3o de Chaves automotivas<br \/>\nControle para port\u00e3o eletr\u00f4nico<br \/>\nCadeados Pado<\/p>\n<\/div>\n<\/div><\/div><\/div><div id=\"pgc-1105-0-1\"  class=\"panel-grid-cell\" ><div id=\"panel-1105-0-1-0\" class=\"so-panel widget widget_sow-editor panel-first-child\" data-index=\"1\" ><div\n\t\t\t\n\t\t\tclass=\"so-widget-sow-editor so-widget-sow-editor-base\"\n\t\t\t\n\t\t>\n<div class=\"siteorigin-widget-tinymce textwidget\">\n\t<p><img loading=\"lazy\" decoding=\"async\" class=\"aligncenter wp-image-1296 size-full\" src=\"http:\/\/www.chaveirocobraosasco.com.br\/1\/wp-content\/uploads\/2022\/03\/cadeados-papais.png\" alt=\"Chaveiro em Osasco 24 horas atendemos toda a regi\u00e3o\" width=\"373\" height=\"274\" srcset=\"https:\/\/www.chaveirocobraosasco.com.br\/1\/wp-content\/uploads\/2022\/03\/cadeados-papais.png 373w, https:\/\/www.chaveirocobraosasco.com.br\/1\/wp-content\/uploads\/2022\/03\/cadeados-papais-300x220.png 300w\" sizes=\"(max-width: 373px) 100vw, 373px\" \/><\/p>\n<\/div>\n<\/div><\/div><div id=\"panel-1105-0-1-1\" class=\"so-panel widget widget_sow-editor panel-last-child\" data-index=\"2\" ><div\n\t\t\t\n\t\t\tclass=\"so-widget-sow-editor so-widget-sow-editor-base\"\n\t\t\t\n\t\t>\n<div class=\"siteorigin-widget-tinymce textwidget\">\n\t<p><img loading=\"lazy\" decoding=\"async\" class=\"aligncenter size-full wp-image-1383\" src=\"http:\/\/www.chaveirocobraosasco.com.br\/1\/wp-content\/uploads\/2022\/11\/fechadura-2.jpg\" alt=\"\" width=\"940\" height=\"788\" srcset=\"https:\/\/www.chaveirocobraosasco.com.br\/1\/wp-content\/uploads\/2022\/11\/fechadura-2.jpg 940w, https:\/\/www.chaveirocobraosasco.com.br\/1\/wp-content\/uploads\/2022\/11\/fechadura-2-300x251.jpg 300w, https:\/\/www.chaveirocobraosasco.com.br\/1\/wp-content\/uploads\/2022\/11\/fechadura-2-768x644.jpg 768w\" sizes=\"(max-width: 940px) 100vw, 940px\" \/><\/p>\n<\/div>\n<\/div><\/div><\/div><\/div><\/div><\/div>","protected":false},"excerpt":{"rendered":"<p>Chaveiro em Osasco chaves residencial chaves automotivas atendemos toda regi\u00e3o de Osasco Barueri Alphaville precisando de uma chaveiro fa\u00e7a um chamado. Chaveiro 24 horas Chaves codificadas Abertura de auto nacional e importado Abertura de fechaduras tetra Abertura de fechadura simples Conserto de fechaduras Abertura de cofres Instala\u00e7\u00e3o de fechaduras Confec\u00e7\u00e3o de Chaves automotivas Controle para &hellip;<\/p>\n","protected":false},"author":1,"featured_media":1296,"parent":9,"menu_order":0,"comment_status":"closed","ping_status":"closed","template":"","meta":{"_acf_changed":false,"_monsterinsights_skip_tracking":false,"_monsterinsights_sitenote_active":false,"_monsterinsights_sitenote_note":"","_monsterinsights_sitenote_category":0,"footnotes":""},"class_list":{"0":"post-1105","1":"page","2":"type-page","3":"status-publish","4":"has-post-thumbnail","6":"clearfix","7":"article"},"acf":[],"yoast_head":"<!-- This site is optimized with the Yoast SEO Premium plugin v18.0 (Yoast SEO v20.13) - https:\/\/yoast.com\/wordpress\/plugins\/seo\/ -->\n<title>Cadeados e Chaveiro em Osasco e Regi\u00e3o atendimento 24 horas<\/title>\n<meta name=\"description\" content=\"Cadeados em Osasco temos o Servi\u00e7o de Chaveiro 24 horas estamos sempre a disposi\u00e7\u00e3o para atende-lo com unidade m\u00f3vel\" \/>\n<meta name=\"robots\" content=\"index, follow, max-snippet:-1, max-image-preview:large, max-video-preview:-1\" \/>\n<link rel=\"canonical\" href=\"https:\/\/www.chaveirocobraosasco.com.br\/1\/servicos\/chaveiro-residencial-em-osasco\/\" \/>\n<meta property=\"og:locale\" content=\"pt_BR\" \/>\n<meta property=\"og:type\" content=\"article\" \/>\n<meta property=\"og:title\" content=\"Cadeados\" \/>\n<meta property=\"og:description\" content=\"Cadeados em Osasco temos o Servi\u00e7o de Chaveiro 24 horas estamos sempre a disposi\u00e7\u00e3o para atende-lo com unidade m\u00f3vel\" \/>\n<meta property=\"og:url\" content=\"https:\/\/www.chaveirocobraosasco.com.br\/1\/servicos\/chaveiro-residencial-em-osasco\/\" \/>\n<meta property=\"og:site_name\" content=\"Chaveiro Cobra em Osasco Ligue 11 99571-7875 Atendimento em Osasco e regi&atilde;o 24 Horas\" \/>\n<meta property=\"article:modified_time\" content=\"2022-11-20T14:05:46+00:00\" \/>\n<meta property=\"og:image\" content=\"http:\/\/www.chaveirocobraosasco.com.br\/1\/wp-content\/uploads\/2022\/03\/cadeados-papais.png\" \/>\n\t<meta property=\"og:image:width\" content=\"373\" \/>\n\t<meta property=\"og:image:height\" content=\"274\" \/>\n\t<meta property=\"og:image:type\" content=\"image\/png\" \/>\n<meta name=\"twitter:card\" content=\"summary_large_image\" \/>\n<meta name=\"twitter:label1\" content=\"Est. tempo de leitura\" \/>\n\t<meta name=\"twitter:data1\" content=\"1 minuto\" \/>\n<script type=\"application\/ld+json\" class=\"yoast-schema-graph\">{\"@context\":\"https:\/\/schema.org\",\"@graph\":[{\"@type\":\"WebPage\",\"@id\":\"https:\/\/www.chaveirocobraosasco.com.br\/1\/servicos\/chaveiro-residencial-em-osasco\/\",\"url\":\"https:\/\/www.chaveirocobraosasco.com.br\/1\/servicos\/chaveiro-residencial-em-osasco\/\",\"name\":\"Cadeados e Chaveiro em Osasco e Regi\u00e3o atendimento 24 horas\",\"isPartOf\":{\"@id\":\"https:\/\/www.chaveirocobraosasco.com.br\/1\/#website\"},\"datePublished\":\"2017-06-29T07:45:22+00:00\",\"dateModified\":\"2022-11-20T14:05:46+00:00\",\"description\":\"Cadeados em Osasco temos o Servi\u00e7o de Chaveiro 24 horas estamos sempre a disposi\u00e7\u00e3o para atende-lo com unidade m\u00f3vel\",\"breadcrumb\":{\"@id\":\"https:\/\/www.chaveirocobraosasco.com.br\/1\/servicos\/chaveiro-residencial-em-osasco\/#breadcrumb\"},\"inLanguage\":\"pt-BR\",\"potentialAction\":[{\"@type\":\"ReadAction\",\"target\":[\"https:\/\/www.chaveirocobraosasco.com.br\/1\/servicos\/chaveiro-residencial-em-osasco\/\"]}]},{\"@type\":\"BreadcrumbList\",\"@id\":\"https:\/\/www.chaveirocobraosasco.com.br\/1\/servicos\/chaveiro-residencial-em-osasco\/#breadcrumb\",\"itemListElement\":[{\"@type\":\"ListItem\",\"position\":1,\"name\":\"Home\",\"item\":\"https:\/\/www.chaveirocobraosasco.com.br\/1\/\"},{\"@type\":\"ListItem\",\"position\":2,\"name\":\"SERVI\u00c7OS\",\"item\":\"https:\/\/www.chaveirocobraosasco.com.br\/1\/servicos\/\"},{\"@type\":\"ListItem\",\"position\":3,\"name\":\"Cadeados\"}]},{\"@type\":\"WebSite\",\"@id\":\"https:\/\/www.chaveirocobraosasco.com.br\/1\/#website\",\"url\":\"https:\/\/www.chaveirocobraosasco.com.br\/1\/\",\"name\":\"Chaveiro Cobra em Osasco Ligue 11 99571-7875 Atendimento em Osasco e regi&atilde;o 24 Horas\",\"description\":\"Chaveiro Cobra em Osasco Atendimento 24 horas \",\"publisher\":{\"@id\":\"https:\/\/www.chaveirocobraosasco.com.br\/1\/#organization\"},\"potentialAction\":[{\"@type\":\"SearchAction\",\"target\":{\"@type\":\"EntryPoint\",\"urlTemplate\":\"https:\/\/www.chaveirocobraosasco.com.br\/1\/?s={search_term_string}\"},\"query-input\":\"required name=search_term_string\"}],\"inLanguage\":\"pt-BR\"},{\"@type\":\"Organization\",\"@id\":\"https:\/\/www.chaveirocobraosasco.com.br\/1\/#organization\",\"name\":\"Chaveiro Cobra Osasco\",\"url\":\"https:\/\/www.chaveirocobraosasco.com.br\/1\/\",\"logo\":{\"@type\":\"ImageObject\",\"inLanguage\":\"pt-BR\",\"@id\":\"https:\/\/www.chaveirocobraosasco.com.br\/1\/#\/schema\/logo\/image\/\",\"url\":\"http:\/\/www.chaveirocobraosasco.com.br\/1\/wp-content\/uploads\/2019\/03\/LOGO-COBRA.png\",\"contentUrl\":\"http:\/\/www.chaveirocobraosasco.com.br\/1\/wp-content\/uploads\/2019\/03\/LOGO-COBRA.png\",\"width\":388,\"height\":183,\"caption\":\"Chaveiro Cobra Osasco\"},\"image\":{\"@id\":\"https:\/\/www.chaveirocobraosasco.com.br\/1\/#\/schema\/logo\/image\/\"}}]}<\/script>\n<!-- \/ Yoast SEO Premium plugin. -->","yoast_head_json":{"title":"Cadeados e Chaveiro em Osasco e Regi\u00e3o atendimento 24 horas","description":"Cadeados em Osasco temos o Servi\u00e7o de Chaveiro 24 horas estamos sempre a disposi\u00e7\u00e3o para atende-lo com unidade m\u00f3vel","robots":{"index":"index","follow":"follow","max-snippet":"max-snippet:-1","max-image-preview":"max-image-preview:large","max-video-preview":"max-video-preview:-1"},"canonical":"https:\/\/www.chaveirocobraosasco.com.br\/1\/servicos\/chaveiro-residencial-em-osasco\/","og_locale":"pt_BR","og_type":"article","og_title":"Cadeados","og_description":"Cadeados em Osasco temos o Servi\u00e7o de Chaveiro 24 horas estamos sempre a disposi\u00e7\u00e3o para atende-lo com unidade m\u00f3vel","og_url":"https:\/\/www.chaveirocobraosasco.com.br\/1\/servicos\/chaveiro-residencial-em-osasco\/","og_site_name":"Chaveiro Cobra em Osasco Ligue 11 99571-7875 Atendimento em Osasco e regi&atilde;o 24 Horas","article_modified_time":"2022-11-20T14:05:46+00:00","og_image":[{"width":373,"height":274,"url":"http:\/\/www.chaveirocobraosasco.com.br\/1\/wp-content\/uploads\/2022\/03\/cadeados-papais.png","type":"image\/png"}],"twitter_card":"summary_large_image","twitter_misc":{"Est. tempo de leitura":"1 minuto"},"schema":{"@context":"https:\/\/schema.org","@graph":[{"@type":"WebPage","@id":"https:\/\/www.chaveirocobraosasco.com.br\/1\/servicos\/chaveiro-residencial-em-osasco\/","url":"https:\/\/www.chaveirocobraosasco.com.br\/1\/servicos\/chaveiro-residencial-em-osasco\/","name":"Cadeados e Chaveiro em Osasco e Regi\u00e3o atendimento 24 horas","isPartOf":{"@id":"https:\/\/www.chaveirocobraosasco.com.br\/1\/#website"},"datePublished":"2017-06-29T07:45:22+00:00","dateModified":"2022-11-20T14:05:46+00:00","description":"Cadeados em Osasco temos o Servi\u00e7o de Chaveiro 24 horas estamos sempre a disposi\u00e7\u00e3o para atende-lo com unidade m\u00f3vel","breadcrumb":{"@id":"https:\/\/www.chaveirocobraosasco.com.br\/1\/servicos\/chaveiro-residencial-em-osasco\/#breadcrumb"},"inLanguage":"pt-BR","potentialAction":[{"@type":"ReadAction","target":["https:\/\/www.chaveirocobraosasco.com.br\/1\/servicos\/chaveiro-residencial-em-osasco\/"]}]},{"@type":"BreadcrumbList","@id":"https:\/\/www.chaveirocobraosasco.com.br\/1\/servicos\/chaveiro-residencial-em-osasco\/#breadcrumb","itemListElement":[{"@type":"ListItem","position":1,"name":"Home","item":"https:\/\/www.chaveirocobraosasco.com.br\/1\/"},{"@type":"ListItem","position":2,"name":"SERVI\u00c7OS","item":"https:\/\/www.chaveirocobraosasco.com.br\/1\/servicos\/"},{"@type":"ListItem","position":3,"name":"Cadeados"}]},{"@type":"WebSite","@id":"https:\/\/www.chaveirocobraosasco.com.br\/1\/#website","url":"https:\/\/www.chaveirocobraosasco.com.br\/1\/","name":"Chaveiro Cobra em Osasco Ligue 11 99571-7875 Atendimento em Osasco e regi&atilde;o 24 Horas","description":"Chaveiro Cobra em Osasco Atendimento 24 horas ","publisher":{"@id":"https:\/\/www.chaveirocobraosasco.com.br\/1\/#organization"},"potentialAction":[{"@type":"SearchAction","target":{"@type":"EntryPoint","urlTemplate":"https:\/\/www.chaveirocobraosasco.com.br\/1\/?s={search_term_string}"},"query-input":"required name=search_term_string"}],"inLanguage":"pt-BR"},{"@type":"Organization","@id":"https:\/\/www.chaveirocobraosasco.com.br\/1\/#organization","name":"Chaveiro Cobra Osasco","url":"https:\/\/www.chaveirocobraosasco.com.br\/1\/","logo":{"@type":"ImageObject","inLanguage":"pt-BR","@id":"https:\/\/www.chaveirocobraosasco.com.br\/1\/#\/schema\/logo\/image\/","url":"http:\/\/www.chaveirocobraosasco.com.br\/1\/wp-content\/uploads\/2019\/03\/LOGO-COBRA.png","contentUrl":"http:\/\/www.chaveirocobraosasco.com.br\/1\/wp-content\/uploads\/2019\/03\/LOGO-COBRA.png","width":388,"height":183,"caption":"Chaveiro Cobra Osasco"},"image":{"@id":"https:\/\/www.chaveirocobraosasco.com.br\/1\/#\/schema\/logo\/image\/"}}]}},"_links":{"self":[{"href":"https:\/\/www.chaveirocobraosasco.com.br\/1\/wp-json\/wp\/v2\/pages\/1105"}],"collection":[{"href":"https:\/\/www.chaveirocobraosasco.com.br\/1\/wp-json\/wp\/v2\/pages"}],"about":[{"href":"https:\/\/www.chaveirocobraosasco.com.br\/1\/wp-json\/wp\/v2\/types\/page"}],"author":[{"embeddable":true,"href":"https:\/\/www.chaveirocobraosasco.com.br\/1\/wp-json\/wp\/v2\/users\/1"}],"replies":[{"embeddable":true,"href":"https:\/\/www.chaveirocobraosasco.com.br\/1\/wp-json\/wp\/v2\/comments?post=1105"}],"version-history":[{"count":13,"href":"https:\/\/www.chaveirocobraosasco.com.br\/1\/wp-json\/wp\/v2\/pages\/1105\/revisions"}],"predecessor-version":[{"id":1417,"href":"https:\/\/www.chaveirocobraosasco.com.br\/1\/wp-json\/wp\/v2\/pages\/1105\/revisions\/1417"}],"up":[{"embeddable":true,"href":"https:\/\/www.chaveirocobraosasco.com.br\/1\/wp-json\/wp\/v2\/pages\/9"}],"wp:featuredmedia":[{"embeddable":true,"href":"https:\/\/www.chaveirocobraosasco.com.br\/1\/wp-json\/wp\/v2\/media\/1296"}],"wp:attachment":[{"href":"https:\/\/www.chaveirocobraosasco.com.br\/1\/wp-json\/wp\/v2\/media?parent=1105"}],"curies":[{"name":"wp","href":"https:\/\/api.w.org\/{rel}","templated":true}]}}