{"id":1446,"date":"2022-11-20T14:46:30","date_gmt":"2022-11-20T14:46:30","guid":{"rendered":"https:\/\/www.chaveirocobraosasco.com.br\/1\/?page_id=1446"},"modified":"2022-11-20T14:54:15","modified_gmt":"2022-11-20T14:54:15","slug":"area-de-atendimento-chaveiro-osasco-e-regiao","status":"publish","type":"page","link":"https:\/\/www.chaveirocobraosasco.com.br\/1\/area-de-atendimento-chaveiro-osasco-e-regiao\/","title":{"rendered":"AREA DE ATENDIMENTO"},"content":{"rendered":"<div id=\"pl-1446\"  class=\"panel-layout\" ><div id=\"pg-1446-0\"  class=\"panel-grid panel-has-style\" ><div class=\"siteorigin-panels-stretch panel-row-style panel-row-style-for-1446-0\" data-stretch-type=\"full\" ><div id=\"pgc-1446-0-0\"  class=\"panel-grid-cell\" ><div id=\"panel-1446-0-0-0\" class=\"so-panel widget widget_sow-editor panel-first-child panel-last-child\" data-index=\"0\" ><div class=\"panel-widget-style panel-widget-style-for-1446-0-0-0\" ><div\n\t\t\t\n\t\t\tclass=\"so-widget-sow-editor so-widget-sow-editor-base\"\n\t\t\t\n\t\t>\n<div class=\"siteorigin-widget-tinymce textwidget\">\n\t<p><strong>Especialidades e principais regi\u00f5es de atua\u00e7\u00e3o: Osasco | Barueri | Alphaville | Carapicuiba |\u00a0<\/strong><\/p>\n<div class=\"thumb tright\">\n<div class=\"thumbinner\">\n<p>Mapa Bairros de Osasco<\/p>\n<\/div>\n<\/div>\n<ul>\n<li>Chaveiro Adalgisa Osasco<\/li>\n<li>Chaveiro Alian\u00e7a<\/li>\n<li>Chaveiro Ayrosa<\/li>\n<li>Chaveiro Bandeiras<\/li>\n<li>Chaveiro Baronesa<\/li>\n<li>Chaveiro Bela Vista<\/li>\n<li>Chaveiro Bonan\u00e7a<\/li>\n<li>Chaveiro Bonfim<\/li>\n<li>Chaveiro Bussocaba<\/li>\n<li>Chaveiro Castelo Branco<\/li>\n<li>Chaveiro Centro<\/li>\n<li>Chaveiro Cidade das Flores<\/li>\n<li>Chaveiro Cidade de Deus<\/li>\n<li>Chaveiro Cipava<\/li>\n<li>Chaveiro City Bussocaba<\/li>\n<li>Chaveiro Concei\u00e7\u00e3o<\/li>\n<li>Chaveiro Conjunto Metal\u00fargicos<\/li>\n<li>Chaveiro Continental<\/li>\n<li>ChaveiroIndustrial Altino<\/li>\n<li>Chaveiro Industrial Anhanguera<\/li>\n<li>Chaveiro Industrial Autonomistas<\/li>\n<li>Chaveiro Industrial Centro<\/li>\n<li>Chaveiro Industrial Mazzei<\/li>\n<li>Chaveiro Industrial Rem\u00e9dios<\/li>\n<li>Chaveiro Helena Maria<\/li>\n<li>Chaveiro IAPI<\/li>\n<li>Chaveiro Jaguaribe<\/li>\n<li>Chaveiro Jardim D\u2019Abril<\/li>\n<li>Chaveiro Jardim das Flores<\/li>\n<li>Jardim Elvira<\/li>\n<li>Mutinga<\/li>\n<li>Piratininga<\/li>\n<li>Platina<\/li>\n<li>Chaveiro Jardim Roberto<\/li>\n<li>Chaveiro Veloso<\/li>\n<li>Chaveiro km 18<\/li>\n<li>Chaveiro Munhoz J\u00fanior<\/li>\n<li>Chaveiro Novo Osasco<\/li>\n<li>Chaveiro Padroeira<\/li>\n<li>Chaveiro Paiva Ramos<\/li>\n<li>Chaveiro Pestana<\/li>\n<li>Chaveiro Portal D\u2019Oeste<\/li>\n<li>Chaveiro Presidente Altino<\/li>\n<li>Chaveiro Quita\u00fana<\/li>\n<li>Chaveiro Raposo Tavares<\/li>\n<li>Chaveiro Rem\u00e9dios<\/li>\n<li>Chaveiro Rochdale<\/li>\n<li>Chaveiro Santa F\u00e9<\/li>\n<li>Chaveiro Santa Maria<\/li>\n<li>Chaveiro Santo Ant\u00f4nio<\/li>\n<li>Chaveiro S\u00e3o Pedro<\/li>\n<li>Chaveiro Setor Militar<\/li>\n<li>Chaveiro Tr\u00eas Montanhas<\/li>\n<li>Chaveiro Umuarama<\/li>\n<li>Chaveiro Vila Campesina<\/li>\n<li>Chaveiro Vila Menck<\/li>\n<li>Chaveiro Vila Militar<\/li>\n<li>Chaveiro Vila Osasco<\/li>\n<li>Chaveiro Vila Yara<\/li>\n<li>Chaveiro Vila Yolanda<\/li>\n<\/ul>\n<\/div>\n<\/div><\/div><\/div><\/div><div id=\"pgc-1446-0-1\"  class=\"panel-grid-cell\" ><div id=\"panel-1446-0-1-0\" class=\"so-panel widget widget_sow-editor panel-first-child\" data-index=\"1\" ><div class=\"panel-widget-style panel-widget-style-for-1446-0-1-0\" ><div\n\t\t\t\n\t\t\tclass=\"so-widget-sow-editor so-widget-sow-editor-base\"\n\t\t\t\n\t\t>\n<div class=\"siteorigin-widget-tinymce textwidget\">\n\t<p><a href=\"https:\/\/www.chaveirocobraosasco.com.br\"><img loading=\"lazy\" decoding=\"async\" class=\"aligncenter wp-image-575 size-full\" title=\"chaveiro em osasco em osasco chaves residencial \" src=\"http:\/\/www.chaveirocobraosasco.com.br\/1\/wp-content\/uploads\/2019\/03\/chaveiro-osasco-cobra-mapa-de-osasco.jpg\" alt=\"\" width=\"300\" height=\"610\" srcset=\"https:\/\/www.chaveirocobraosasco.com.br\/1\/wp-content\/uploads\/2019\/03\/chaveiro-osasco-cobra-mapa-de-osasco.jpg 300w, https:\/\/www.chaveirocobraosasco.com.br\/1\/wp-content\/uploads\/2019\/03\/chaveiro-osasco-cobra-mapa-de-osasco-148x300.jpg 148w\" sizes=\"(max-width: 300px) 100vw, 300px\" \/><\/a><\/p>\n<\/div>\n<\/div><\/div><\/div><div id=\"panel-1446-0-1-1\" class=\"so-panel widget widget_sow-editor\" data-index=\"2\" ><div class=\"panel-widget-style panel-widget-style-for-1446-0-1-1\" ><div\n\t\t\t\n\t\t\tclass=\"so-widget-sow-editor so-widget-sow-editor-base\"\n\t\t\t\n\t\t>\n<div class=\"siteorigin-widget-tinymce textwidget\">\n\t<p><img loading=\"lazy\" decoding=\"async\" class=\"aligncenter wp-image-1382 size-full\" src=\"http:\/\/www.chaveirocobraosasco.com.br\/1\/wp-content\/uploads\/2022\/11\/Copia-de-24-horas.jpg\" alt=\"\" width=\"940\" height=\"788\" srcset=\"https:\/\/www.chaveirocobraosasco.com.br\/1\/wp-content\/uploads\/2022\/11\/Copia-de-24-horas.jpg 940w, https:\/\/www.chaveirocobraosasco.com.br\/1\/wp-content\/uploads\/2022\/11\/Copia-de-24-horas-300x251.jpg 300w, https:\/\/www.chaveirocobraosasco.com.br\/1\/wp-content\/uploads\/2022\/11\/Copia-de-24-horas-768x644.jpg 768w\" sizes=\"(max-width: 940px) 100vw, 940px\" \/><a href=\"https:\/\/www.chaveirocobraosasco.com.br\/1\/servicos\/chaveiro-osasco-barueri\/\">Chaveiro Condominios<\/a><\/p>\n<\/div>\n<\/div><\/div><\/div><div id=\"panel-1446-0-1-2\" class=\"so-panel widget widget_sow-editor panel-last-child\" data-index=\"3\" ><div class=\"panel-widget-style panel-widget-style-for-1446-0-1-2\" ><div\n\t\t\t\n\t\t\tclass=\"so-widget-sow-editor so-widget-sow-editor-base\"\n\t\t\t\n\t\t>\n<div class=\"siteorigin-widget-tinymce textwidget\">\n\t<p><a href=\"https:\/\/www.chaveirocobraosasco.com.br\/1\/servicos\/chaveiro-24-horas-em-osasco-barueri\/\"><img loading=\"lazy\" decoding=\"async\" class=\"aligncenter wp-image-1380 size-full\" src=\"http:\/\/www.chaveirocobraosasco.com.br\/1\/wp-content\/uploads\/2022\/11\/011-99571-7875.jpg\" alt=\"\" width=\"940\" height=\"788\" srcset=\"https:\/\/www.chaveirocobraosasco.com.br\/1\/wp-content\/uploads\/2022\/11\/011-99571-7875.jpg 940w, https:\/\/www.chaveirocobraosasco.com.br\/1\/wp-content\/uploads\/2022\/11\/011-99571-7875-300x251.jpg 300w, https:\/\/www.chaveirocobraosasco.com.br\/1\/wp-content\/uploads\/2022\/11\/011-99571-7875-768x644.jpg 768w\" sizes=\"(max-width: 940px) 100vw, 940px\" \/><\/a><\/p>\n<\/div>\n<\/div><\/div><\/div><\/div><\/div><\/div><div id=\"pg-1446-1\"  class=\"panel-grid panel-has-style\" ><div class=\"siteorigin-panels-stretch panel-row-style panel-row-style-for-1446-1\" data-stretch-type=\"full\" ><div id=\"pgc-1446-1-0\"  class=\"panel-grid-cell\" ><div id=\"panel-1446-1-0-0\" class=\"so-panel widget widget_sow-editor panel-first-child panel-last-child\" data-index=\"4\" ><div class=\"panel-widget-style panel-widget-style-for-1446-1-0-0\" ><div\n\t\t\t\n\t\t\tclass=\"so-widget-sow-editor so-widget-sow-editor-base\"\n\t\t\t\n\t\t>\n<div class=\"siteorigin-widget-tinymce textwidget\">\n\t<h6 style=\"text-align: justify;\"><span style=\"color: #ffffff;\">Chaveiro Adalgisa Osasco,Chaveiro Alian\u00e7a,Chaveiro Ayrosa,Chaveiro Bandeiras,Chaveiro Baronesa,Chaveiro Bela Vista,Chaveiro Bonan\u00e7a,Chaveiro BonfimChaveiro, BussocabaChaveiro ,Castelo Branco,Chaveiro Centro,Chaveiro ,Cidade das Flores,Chaveiro Cidade e Deus,Chaveiro Cipava,Chaveiro City Bussocaba,Chaveiro Concei\u00e7\u00e3o,Chaveiro Conjunto Metal\u00fargicos,Chaveiro Continental,ChaveiroIndustrial Altino,Chaveiro Industrial Anhanguera,Chaveiro Industrial Autonomistas,Chaveiro Industrial CentroChaveiro Industrial Mazzei,Chaveiro Industrial Rem\u00e9dios,Chaveiro Helena Maria,Chaveiro IAPI,Chaveiro Jaguaribe,Chaveiro Jardim D\u2019Abril,Chaveiro Jardim das Flores,Chaveiro Adalgisa Osasco,Chaveiro Alian\u00e7a,Chaveiro Ayrosa,Chaveiro Bandeiras,Chaveiro Baronesa,Chaveiro Bela Vista,Chaveiro Bonan\u00e7a,Chaveiro Bonfim,Chaveiro Bussocaba,Chaveiro Castelo Branco,Chaveiro Centro osasco,Chaveiro Cidade das Flores osasco,Chaveiro Cidade de Deus osasco ,Chaveiro Cipava,Chaveiro City Bussocaba,Chaveiro Concei\u00e7\u00e3o,Chaveiro Conjunto Metal\u00fargicos,Chaveiro Continental,ChaveiroIndustrial Altino,Chaveiro Industrial Anhanguera,Chaveiro Industrial Autonomistas,Chaveiro Industrial Centro,Chaveiro Industrial Mazzei,Chaveiro Industrial Rem\u00e9dios,Chaveiro Helena Maria,Chaveiro IAPI,Chaveiro Jaguaribe,Chaveiro Jardim D\u2019Abril,Chaveiro Jardim das Flores,Jardim Elvira,Mutinga,Piratininga,Platina,Chaveiro Jardim Roberto,Chaveiro Veloso,Chaveiro km 18,Chaveiro Munhoz J\u00fanior,Chaveiro Novo Osasco,Chaveiro Padroeira,Chaveiro Paiva Ramos,Chaveiro Pestana,Chaveiro Portal D\u2019Oeste,Chaveiro Presidente Altino,Chaveiro Quita\u00fana,Chaveiro Raposo Tavares,Chaveiro Rem\u00e9dios,Chaveiro Rochdale,Chaveiro Santa F\u00e9,Chaveiro Santa Maria,Chaveiro Santo Ant\u00f4nio,Chaveiro S\u00e3o Pedro,Chaveiro Setor Militar,Chaveiro Tr\u00eas Montanhas,Chaveiro Umuarama,Chaveiro Vila Campesina,Chaveiro Vila Menck,Chaveiro Vila Militar,Chaveiro Vila Osasco,Chaveiro Vila Yara,Chaveiro Vila Yolanda,Jardim ElviraMutinga,PiratiningaPlatina,Chaveiro Jardim Roberto,Chaveiro Veloso,Chaveiro km 18,Chaveiro Munhoz J\u00fanior,Chaveiro Novo Osasco,Chaveiro Padroeira,Chaveiro Paiva Ramos,Chaveiro Pestana,Chaveiro Portal D\u2019Oeste,Chaveiro Presidente Altino,Chaveiro Quita\u00fana,Chaveiro Raposo Tavares,Chaveiro Rem\u00e9dios,Chaveiro Rochdale,Chaveiro Santa F\u00e9,Chaveiro Santa Maria,Chaveiro Santo Ant\u00f4nio,Chaveiro S\u00e3o PedroChaveiro Setor Militar,Chaveiro Tr\u00eas Montanhas,Chaveiro Umuarama,Chaveiro Vila CampesinaChaveiro Vila MenckChaveiro Vila MilitarChaveiro Vila OsascoChaveiro Vila Yara,Chaveiro Vila Yo<\/span><\/h6>\n<\/div>\n<\/div><\/div><\/div><\/div><\/div><\/div><div id=\"pg-1446-2\"  class=\"panel-grid panel-has-style\" ><div class=\"siteorigin-panels-stretch panel-row-style panel-row-style-for-1446-2\" data-stretch-type=\"full\" ><div id=\"pgc-1446-2-0\"  class=\"panel-grid-cell\" ><div id=\"panel-1446-2-0-0\" class=\"so-panel widget widget_sow-editor panel-first-child panel-last-child\" data-index=\"5\" ><div class=\"panel-widget-style panel-widget-style-for-1446-2-0-0\" ><div\n\t\t\t\n\t\t\tclass=\"so-widget-sow-editor so-widget-sow-editor-base\"\n\t\t\t\n\t\t>\n<div class=\"siteorigin-widget-tinymce textwidget\">\n\t<p><a href=\"https:\/\/www.chaveirocobraosasco.com.br\/\"><img loading=\"lazy\" decoding=\"async\" class=\"aligncenter wp-image-581 size-full\" src=\"http:\/\/www.chaveirocobraosasco.com.br\/1\/wp-content\/uploads\/2019\/03\/CARS1-1.png\" alt=\"\" width=\"1200\" height=\"100\" srcset=\"https:\/\/www.chaveirocobraosasco.com.br\/1\/wp-content\/uploads\/2019\/03\/CARS1-1.png 1200w, https:\/\/www.chaveirocobraosasco.com.br\/1\/wp-content\/uploads\/2019\/03\/CARS1-1-300x25.png 300w, https:\/\/www.chaveirocobraosasco.com.br\/1\/wp-content\/uploads\/2019\/03\/CARS1-1-768x64.png 768w, https:\/\/www.chaveirocobraosasco.com.br\/1\/wp-content\/uploads\/2019\/03\/CARS1-1-1024x85.png 1024w\" sizes=\"(max-width: 1200px) 100vw, 1200px\" \/><\/a><\/p>\n<\/div>\n<\/div><\/div><\/div><\/div><\/div><\/div><\/div>","protected":false},"excerpt":{"rendered":"<p>Especialidades e principais regi\u00f5es de atua\u00e7\u00e3o: Osasco | Barueri | Alphaville | Carapicuiba |\u00a0 Mapa Bairros de Osasco Chaveiro Adalgisa Osasco Chaveiro Alian\u00e7a Chaveiro Ayrosa Chaveiro Bandeiras Chaveiro Baronesa Chaveiro Bela Vista Chaveiro Bonan\u00e7a Chaveiro Bonfim Chaveiro Bussocaba Chaveiro Castelo Branco Chaveiro Centro Chaveiro Cidade das Flores Chaveiro Cidade de Deus Chaveiro Cipava Chaveiro City &hellip;<\/p>\n","protected":false},"author":1,"featured_media":0,"parent":0,"menu_order":0,"comment_status":"closed","ping_status":"closed","template":"","meta":{"_acf_changed":false,"_monsterinsights_skip_tracking":false,"_monsterinsights_sitenote_active":false,"_monsterinsights_sitenote_note":"","_monsterinsights_sitenote_category":0,"footnotes":""},"class_list":{"0":"post-1446","1":"page","2":"type-page","3":"status-publish","5":"clearfix","6":"article"},"acf":[],"yoast_head":"<!-- This site is optimized with the Yoast SEO Premium plugin v18.0 (Yoast SEO v20.13) - https:\/\/yoast.com\/wordpress\/plugins\/seo\/ -->\n<title>AREA DE ATENDIMENTO - Chaveiro Cobra em Osasco Ligue 11 99571-7875 Atendimento em Osasco e regi&atilde;o 24 Horas<\/title>\n<meta name=\"description\" content=\"AREA DE ATENDIMENTO Chaveiro Cobra em Osasco Ligue 11 99571-7875 Atendimento em Osasco e regi&atilde;o 24 Horas\" \/>\n<meta name=\"robots\" content=\"index, follow, max-snippet:-1, max-image-preview:large, max-video-preview:-1\" \/>\n<link rel=\"canonical\" href=\"https:\/\/www.chaveirocobraosasco.com.br\/1\/area-de-atendimento-chaveiro-osasco-e-regiao\/\" \/>\n<meta property=\"og:locale\" content=\"pt_BR\" \/>\n<meta property=\"og:type\" content=\"article\" \/>\n<meta property=\"og:title\" content=\"AREA DE ATENDIMENTO\" \/>\n<meta property=\"og:description\" content=\"AREA DE ATENDIMENTO Chaveiro Cobra em Osasco Ligue 11 99571-7875 Atendimento em Osasco e regi&atilde;o 24 Horas\" \/>\n<meta property=\"og:url\" content=\"https:\/\/www.chaveirocobraosasco.com.br\/1\/area-de-atendimento-chaveiro-osasco-e-regiao\/\" \/>\n<meta property=\"og:site_name\" content=\"Chaveiro Cobra em Osasco Ligue 11 99571-7875 Atendimento em Osasco e regi&atilde;o 24 Horas\" \/>\n<meta property=\"article:modified_time\" content=\"2022-11-20T14:54:15+00:00\" \/>\n<meta property=\"og:image\" content=\"http:\/\/www.chaveirocobraosasco.com.br\/1\/wp-content\/uploads\/2019\/03\/chaveiro-osasco-cobra-mapa-de-osasco.jpg\" \/>\n<meta name=\"twitter:card\" content=\"summary_large_image\" \/>\n<meta name=\"twitter:label1\" content=\"Est. tempo de leitura\" \/>\n\t<meta name=\"twitter:data1\" content=\"3 minutos\" \/>\n<script type=\"application\/ld+json\" class=\"yoast-schema-graph\">{\"@context\":\"https:\/\/schema.org\",\"@graph\":[{\"@type\":\"WebPage\",\"@id\":\"https:\/\/www.chaveirocobraosasco.com.br\/1\/area-de-atendimento-chaveiro-osasco-e-regiao\/\",\"url\":\"https:\/\/www.chaveirocobraosasco.com.br\/1\/area-de-atendimento-chaveiro-osasco-e-regiao\/\",\"name\":\"AREA DE ATENDIMENTO - Chaveiro Cobra em Osasco Ligue 11 99571-7875 Atendimento em Osasco e regi&atilde;o 24 Horas\",\"isPartOf\":{\"@id\":\"https:\/\/www.chaveirocobraosasco.com.br\/1\/#website\"},\"datePublished\":\"2022-11-20T14:46:30+00:00\",\"dateModified\":\"2022-11-20T14:54:15+00:00\",\"description\":\"AREA DE ATENDIMENTO Chaveiro Cobra em Osasco Ligue 11 99571-7875 Atendimento em Osasco e regi&atilde;o 24 Horas\",\"breadcrumb\":{\"@id\":\"https:\/\/www.chaveirocobraosasco.com.br\/1\/area-de-atendimento-chaveiro-osasco-e-regiao\/#breadcrumb\"},\"inLanguage\":\"pt-BR\",\"potentialAction\":[{\"@type\":\"ReadAction\",\"target\":[\"https:\/\/www.chaveirocobraosasco.com.br\/1\/area-de-atendimento-chaveiro-osasco-e-regiao\/\"]}]},{\"@type\":\"BreadcrumbList\",\"@id\":\"https:\/\/www.chaveirocobraosasco.com.br\/1\/area-de-atendimento-chaveiro-osasco-e-regiao\/#breadcrumb\",\"itemListElement\":[{\"@type\":\"ListItem\",\"position\":1,\"name\":\"Home\",\"item\":\"https:\/\/www.chaveirocobraosasco.com.br\/1\/\"},{\"@type\":\"ListItem\",\"position\":2,\"name\":\"AREA DE ATENDIMENTO\"}]},{\"@type\":\"WebSite\",\"@id\":\"https:\/\/www.chaveirocobraosasco.com.br\/1\/#website\",\"url\":\"https:\/\/www.chaveirocobraosasco.com.br\/1\/\",\"name\":\"Chaveiro Cobra em Osasco Ligue 11 99571-7875 Atendimento em Osasco e regi&atilde;o 24 Horas\",\"description\":\"Chaveiro Cobra em Osasco Atendimento 24 horas \",\"publisher\":{\"@id\":\"https:\/\/www.chaveirocobraosasco.com.br\/1\/#organization\"},\"potentialAction\":[{\"@type\":\"SearchAction\",\"target\":{\"@type\":\"EntryPoint\",\"urlTemplate\":\"https:\/\/www.chaveirocobraosasco.com.br\/1\/?s={search_term_string}\"},\"query-input\":\"required name=search_term_string\"}],\"inLanguage\":\"pt-BR\"},{\"@type\":\"Organization\",\"@id\":\"https:\/\/www.chaveirocobraosasco.com.br\/1\/#organization\",\"name\":\"Chaveiro Cobra Osasco\",\"url\":\"https:\/\/www.chaveirocobraosasco.com.br\/1\/\",\"logo\":{\"@type\":\"ImageObject\",\"inLanguage\":\"pt-BR\",\"@id\":\"https:\/\/www.chaveirocobraosasco.com.br\/1\/#\/schema\/logo\/image\/\",\"url\":\"http:\/\/www.chaveirocobraosasco.com.br\/1\/wp-content\/uploads\/2019\/03\/LOGO-COBRA.png\",\"contentUrl\":\"http:\/\/www.chaveirocobraosasco.com.br\/1\/wp-content\/uploads\/2019\/03\/LOGO-COBRA.png\",\"width\":388,\"height\":183,\"caption\":\"Chaveiro Cobra Osasco\"},\"image\":{\"@id\":\"https:\/\/www.chaveirocobraosasco.com.br\/1\/#\/schema\/logo\/image\/\"}}]}<\/script>\n<!-- \/ Yoast SEO Premium plugin. -->","yoast_head_json":{"title":"AREA DE ATENDIMENTO - Chaveiro Cobra em Osasco Ligue 11 99571-7875 Atendimento em Osasco e regi&atilde;o 24 Horas","description":"AREA DE ATENDIMENTO Chaveiro Cobra em Osasco Ligue 11 99571-7875 Atendimento em Osasco e regi&atilde;o 24 Horas","robots":{"index":"index","follow":"follow","max-snippet":"max-snippet:-1","max-image-preview":"max-image-preview:large","max-video-preview":"max-video-preview:-1"},"canonical":"https:\/\/www.chaveirocobraosasco.com.br\/1\/area-de-atendimento-chaveiro-osasco-e-regiao\/","og_locale":"pt_BR","og_type":"article","og_title":"AREA DE ATENDIMENTO","og_description":"AREA DE ATENDIMENTO Chaveiro Cobra em Osasco Ligue 11 99571-7875 Atendimento em Osasco e regi&atilde;o 24 Horas","og_url":"https:\/\/www.chaveirocobraosasco.com.br\/1\/area-de-atendimento-chaveiro-osasco-e-regiao\/","og_site_name":"Chaveiro Cobra em Osasco Ligue 11 99571-7875 Atendimento em Osasco e regi&atilde;o 24 Horas","article_modified_time":"2022-11-20T14:54:15+00:00","og_image":[{"url":"http:\/\/www.chaveirocobraosasco.com.br\/1\/wp-content\/uploads\/2019\/03\/chaveiro-osasco-cobra-mapa-de-osasco.jpg"}],"twitter_card":"summary_large_image","twitter_misc":{"Est. tempo de leitura":"3 minutos"},"schema":{"@context":"https:\/\/schema.org","@graph":[{"@type":"WebPage","@id":"https:\/\/www.chaveirocobraosasco.com.br\/1\/area-de-atendimento-chaveiro-osasco-e-regiao\/","url":"https:\/\/www.chaveirocobraosasco.com.br\/1\/area-de-atendimento-chaveiro-osasco-e-regiao\/","name":"AREA DE ATENDIMENTO - Chaveiro Cobra em Osasco Ligue 11 99571-7875 Atendimento em Osasco e regi&atilde;o 24 Horas","isPartOf":{"@id":"https:\/\/www.chaveirocobraosasco.com.br\/1\/#website"},"datePublished":"2022-11-20T14:46:30+00:00","dateModified":"2022-11-20T14:54:15+00:00","description":"AREA DE ATENDIMENTO Chaveiro Cobra em Osasco Ligue 11 99571-7875 Atendimento em Osasco e regi&atilde;o 24 Horas","breadcrumb":{"@id":"https:\/\/www.chaveirocobraosasco.com.br\/1\/area-de-atendimento-chaveiro-osasco-e-regiao\/#breadcrumb"},"inLanguage":"pt-BR","potentialAction":[{"@type":"ReadAction","target":["https:\/\/www.chaveirocobraosasco.com.br\/1\/area-de-atendimento-chaveiro-osasco-e-regiao\/"]}]},{"@type":"BreadcrumbList","@id":"https:\/\/www.chaveirocobraosasco.com.br\/1\/area-de-atendimento-chaveiro-osasco-e-regiao\/#breadcrumb","itemListElement":[{"@type":"ListItem","position":1,"name":"Home","item":"https:\/\/www.chaveirocobraosasco.com.br\/1\/"},{"@type":"ListItem","position":2,"name":"AREA DE ATENDIMENTO"}]},{"@type":"WebSite","@id":"https:\/\/www.chaveirocobraosasco.com.br\/1\/#website","url":"https:\/\/www.chaveirocobraosasco.com.br\/1\/","name":"Chaveiro Cobra em Osasco Ligue 11 99571-7875 Atendimento em Osasco e regi&atilde;o 24 Horas","description":"Chaveiro Cobra em Osasco Atendimento 24 horas ","publisher":{"@id":"https:\/\/www.chaveirocobraosasco.com.br\/1\/#organization"},"potentialAction":[{"@type":"SearchAction","target":{"@type":"EntryPoint","urlTemplate":"https:\/\/www.chaveirocobraosasco.com.br\/1\/?s={search_term_string}"},"query-input":"required name=search_term_string"}],"inLanguage":"pt-BR"},{"@type":"Organization","@id":"https:\/\/www.chaveirocobraosasco.com.br\/1\/#organization","name":"Chaveiro Cobra Osasco","url":"https:\/\/www.chaveirocobraosasco.com.br\/1\/","logo":{"@type":"ImageObject","inLanguage":"pt-BR","@id":"https:\/\/www.chaveirocobraosasco.com.br\/1\/#\/schema\/logo\/image\/","url":"http:\/\/www.chaveirocobraosasco.com.br\/1\/wp-content\/uploads\/2019\/03\/LOGO-COBRA.png","contentUrl":"http:\/\/www.chaveirocobraosasco.com.br\/1\/wp-content\/uploads\/2019\/03\/LOGO-COBRA.png","width":388,"height":183,"caption":"Chaveiro Cobra Osasco"},"image":{"@id":"https:\/\/www.chaveirocobraosasco.com.br\/1\/#\/schema\/logo\/image\/"}}]}},"_links":{"self":[{"href":"https:\/\/www.chaveirocobraosasco.com.br\/1\/wp-json\/wp\/v2\/pages\/1446"}],"collection":[{"href":"https:\/\/www.chaveirocobraosasco.com.br\/1\/wp-json\/wp\/v2\/pages"}],"about":[{"href":"https:\/\/www.chaveirocobraosasco.com.br\/1\/wp-json\/wp\/v2\/types\/page"}],"author":[{"embeddable":true,"href":"https:\/\/www.chaveirocobraosasco.com.br\/1\/wp-json\/wp\/v2\/users\/1"}],"replies":[{"embeddable":true,"href":"https:\/\/www.chaveirocobraosasco.com.br\/1\/wp-json\/wp\/v2\/comments?post=1446"}],"version-history":[{"count":6,"href":"https:\/\/www.chaveirocobraosasco.com.br\/1\/wp-json\/wp\/v2\/pages\/1446\/revisions"}],"predecessor-version":[{"id":1453,"href":"https:\/\/www.chaveirocobraosasco.com.br\/1\/wp-json\/wp\/v2\/pages\/1446\/revisions\/1453"}],"wp:attachment":[{"href":"https:\/\/www.chaveirocobraosasco.com.br\/1\/wp-json\/wp\/v2\/media?parent=1446"}],"curies":[{"name":"wp","href":"https:\/\/api.w.org\/{rel}","templated":true}]}}